{"id":1110,"date":"2016-03-17T23:24:56","date_gmt":"2016-03-17T23:24:56","guid":{"rendered":"https:\/\/www.primarycaregenetics.org\/?page_id=1110"},"modified":"2016-03-17T23:24:56","modified_gmt":"2016-03-17T23:24:56","slug":"helena-cabral-portugal","status":"publish","type":"page","link":"https:\/\/www.primarycaregenetics.org\/?page_id=1110&lang=nl","title":{"rendered":"Helena Cabral, Portugal"},"content":{"rendered":"<p><img loading=\"lazy\" class=\"alignleft size-thumbnail wp-image-444\" src=\"https:\/\/www.primarycaregenetics.org\/wp-content\/uploads\/2015\/07\/IMG_3683-300x349.jpg\" alt=\"IMG_3683\" width=\"300\" height=\"349\" \/>Enquanto m\u00e9dica de fam\u00edlia, a fam\u00edlia \u00e9 a base de todo o meu trabalho, presto cuidados a v\u00e1rios membros da mesma fam\u00edlia, desde a concep\u00e7\u00e3o at\u00e9 \u00e0 3\u00aa idade. Estou numa posi\u00e7\u00e3o privilegiada para detectar padr\u00f5es que sugiram doen\u00e7as heredit\u00e1rias e encaminhar os utentes para aconselhamento gen\u00e9tico quando necess\u00e1rio mas s\u00f3 o poderei fazer se estiver ciente da sua import\u00e2ncia e com adequada forma\u00e7\u00e3o. Faz parte do meu dia a dia a recolha dos antecedentes familiares de cada utente, identificar indiv\u00edduos de risco e orient\u00e1-los, bem como aos restantes elementos da fam\u00edlia. Gestos simples como durante a gravidez alertar a gr\u00e1vida para a import\u00e2ncia do teste do pezinho quando o beb\u00e9 nascer. Explicar em que consiste o diagn\u00f3stico pr\u00e9-natal e apoiar os futuros pais na sua decis\u00e3o. Quando proponho um determinado rastreio a um utente (por exemplo da mama ou do c\u00f3lon) poder discutir qual a idade ideal para o iniciar.<\/p>\n<!--[if lt IE 9]><script>document.createElement('audio');<\/script><![endif]-->\n<audio class=\"wp-audio-shortcode\" id=\"audio-1110-1\" preload=\"none\" style=\"width: 100%;\" controls=\"controls\"><source type=\"audio\/mpeg\" src=\"https:\/\/www.primarycaregenetics.org\/wp-content\/uploads\/2015\/07\/Genetica-audio.m4a?_=1\" \/><a href=\"https:\/\/www.primarycaregenetics.org\/wp-content\/uploads\/2015\/07\/Genetica-audio.m4a\">https:\/\/www.primarycaregenetics.org\/wp-content\/uploads\/2015\/07\/Genetica-audio.m4a<\/a><\/audio>\n<p>&nbsp;<\/p>\n","protected":false},"excerpt":{"rendered":"<p>Enquanto m\u00e9dica de fam\u00edlia, a fam\u00edlia \u00e9 a base de todo o meu trabalho, presto cuidados a v\u00e1rios membros da mesma fam\u00edlia, desde a concep\u00e7\u00e3o at\u00e9 \u00e0 3\u00aa idade. Estou numa posi\u00e7\u00e3o privilegiada para detectar padr\u00f5es que sugiram doen\u00e7as heredit\u00e1rias e encaminhar os utentes para aconselhamento gen\u00e9tico quando necess\u00e1rio mas s\u00f3 o poderei fazer se estiver ciente da sua import\u00e2ncia e com adequada forma\u00e7\u00e3o. Faz parte do meu dia a dia a recolha dos antecedentes familiares de cada utente, identificar [&#8230;]<\/p>\n","protected":false},"author":3,"featured_media":0,"parent":1055,"menu_order":0,"comment_status":"closed","ping_status":"closed","template":"template-fullwidth.php","meta":{"ngg_post_thumbnail":0},"_links":{"self":[{"href":"https:\/\/www.primarycaregenetics.org\/index.php?rest_route=\/wp\/v2\/pages\/1110"}],"collection":[{"href":"https:\/\/www.primarycaregenetics.org\/index.php?rest_route=\/wp\/v2\/pages"}],"about":[{"href":"https:\/\/www.primarycaregenetics.org\/index.php?rest_route=\/wp\/v2\/types\/page"}],"author":[{"embeddable":true,"href":"https:\/\/www.primarycaregenetics.org\/index.php?rest_route=\/wp\/v2\/users\/3"}],"replies":[{"embeddable":true,"href":"https:\/\/www.primarycaregenetics.org\/index.php?rest_route=%2Fwp%2Fv2%2Fcomments&post=1110"}],"version-history":[{"count":1,"href":"https:\/\/www.primarycaregenetics.org\/index.php?rest_route=\/wp\/v2\/pages\/1110\/revisions"}],"predecessor-version":[{"id":1111,"href":"https:\/\/www.primarycaregenetics.org\/index.php?rest_route=\/wp\/v2\/pages\/1110\/revisions\/1111"}],"up":[{"embeddable":true,"href":"https:\/\/www.primarycaregenetics.org\/index.php?rest_route=\/wp\/v2\/pages\/1055"}],"wp:attachment":[{"href":"https:\/\/www.primarycaregenetics.org\/index.php?rest_route=%2Fwp%2Fv2%2Fmedia&parent=1110"}],"curies":[{"name":"wp","href":"https:\/\/api.w.org\/{rel}","templated":true}]}}