{"id":1204,"date":"2016-05-22T04:51:56","date_gmt":"2016-05-22T04:51:56","guid":{"rendered":"https:\/\/www.primarycaregenetics.org\/?page_id=1204"},"modified":"2018-01-26T13:38:39","modified_gmt":"2018-01-26T13:38:39","slug":"moduly-pripady","status":"publish","type":"page","link":"https:\/\/www.primarycaregenetics.org\/?page_id=1204&lang=cz","title":{"rendered":"Moduly"},"content":{"rendered":"<p>Moduly jsou zalo\u017eeny na <a href=\"https:\/\/www.primarycaregenetics.org\/?page_id=1218&amp;lang=cz\">klinick\u00fdch p\u0159\u00edpadech<\/a> pacient\u016f, tak jak se prezentuj\u00ed v ambulanc\u00edch l\u00e9ka\u0159\u016f prim\u00e1rn\u00ed p\u00e9\u010de.<\/p>\n<p>P\u0159\u00edstup k modul\u016fm je zdarma. Moduly jsou akreditovan\u00e9 Evropskou akredita\u010dn\u00ed s\u00edt\u00ed (European Accrediation Network) a Kr\u00e1lovskou kolej\u00ed praktick\u00fdch l\u00e9ka\u0159\u016f\u00a0 (Royal College of General Practitioners)<\/p>\n<p>Moduly jsou dostupn\u00e9 tak\u00e9 v angli\u010dtin\u011b, nizozem\u0161tin\u011b, portugal\u0161tin\u011b, island\u0161tin\u011b a ital\u0161tin\u011b<\/p>\n<p><strong>P\u0159\u00edstup k modul\u016fm<\/strong><\/p>\n<p>Moduly jsou v sou\u010dasn\u00e9 dob\u011b um\u00edst\u011bny na platform\u011b \u201e<a href=\"https:\/\/open.plymouth.ac.uk\">the Plymouth Open Learning site<\/a>\u201c<\/p>\n<p>Na platformu se je t\u0159eba se zaregistrovat pomoc\u00ed emailov\u00e9 adresy a p\u0159ihla\u0161ovac\u00edho jm\u00e9na.<\/p>\n<p>Pokud absolvujete z\u00e1v\u011bre\u010dn\u00fd test po ukon\u010den\u00ed modulu s \u00fasp\u011b\u0161nost\u00ed nad 80%, bude v\u00e1m na email po vypracov\u00e1n\u00ed modulu zasl\u00e1n certifik\u00e1t.<\/p>\n<p>Instrukci jak se p\u0159ihl\u00e1sit\u00a0 k proch\u00e1zen\u00ed modul\u016f najdete <a href=\"https:\/\/www.primarycaregenetics.org\/?page_id=1212&amp;lang=cz\">zde<\/a>.<\/p>\n<p>&nbsp;<\/p>\n<p>&nbsp;<\/p>\n<p>&nbsp;<\/p>\n","protected":false},"excerpt":{"rendered":"<p>Moduly jsou zalo\u017eeny na klinick\u00fdch p\u0159\u00edpadech pacient\u016f, tak jak se prezentuj\u00ed v ambulanc\u00edch l\u00e9ka\u0159\u016f prim\u00e1rn\u00ed p\u00e9\u010de. P\u0159\u00edstup k modul\u016fm je zdarma. Moduly jsou akreditovan\u00e9 Evropskou akredita\u010dn\u00ed s\u00edt\u00ed (European Accrediation Network) a Kr\u00e1lovskou kolej\u00ed praktick\u00fdch l\u00e9ka\u0159\u016f\u00a0 (Royal College of General Practitioners) Moduly jsou dostupn\u00e9 tak\u00e9 v angli\u010dtin\u011b, nizozem\u0161tin\u011b, portugal\u0161tin\u011b, island\u0161tin\u011b a ital\u0161tin\u011b P\u0159\u00edstup k modul\u016fm Moduly jsou v sou\u010dasn\u00e9 dob\u011b um\u00edst\u011bny na platform\u011b \u201ethe Plymouth Open Learning site\u201c Na platformu se je t\u0159eba se zaregistrovat pomoc\u00ed emailov\u00e9 adresy a p\u0159ihla\u0161ovac\u00edho jm\u00e9na. [&#8230;]<\/p>\n","protected":false},"author":3,"featured_media":0,"parent":0,"menu_order":0,"comment_status":"closed","ping_status":"closed","template":"template-fullwidth.php","meta":{"ngg_post_thumbnail":0},"_links":{"self":[{"href":"https:\/\/www.primarycaregenetics.org\/index.php?rest_route=\/wp\/v2\/pages\/1204"}],"collection":[{"href":"https:\/\/www.primarycaregenetics.org\/index.php?rest_route=\/wp\/v2\/pages"}],"about":[{"href":"https:\/\/www.primarycaregenetics.org\/index.php?rest_route=\/wp\/v2\/types\/page"}],"author":[{"embeddable":true,"href":"https:\/\/www.primarycaregenetics.org\/index.php?rest_route=\/wp\/v2\/users\/3"}],"replies":[{"embeddable":true,"href":"https:\/\/www.primarycaregenetics.org\/index.php?rest_route=%2Fwp%2Fv2%2Fcomments&post=1204"}],"version-history":[{"count":9,"href":"https:\/\/www.primarycaregenetics.org\/index.php?rest_route=\/wp\/v2\/pages\/1204\/revisions"}],"predecessor-version":[{"id":2506,"href":"https:\/\/www.primarycaregenetics.org\/index.php?rest_route=\/wp\/v2\/pages\/1204\/revisions\/2506"}],"wp:attachment":[{"href":"https:\/\/www.primarycaregenetics.org\/index.php?rest_route=%2Fwp%2Fv2%2Fmedia&parent=1204"}],"curies":[{"name":"wp","href":"https:\/\/api.w.org\/{rel}","templated":true}]}}