{"id":1249,"date":"2016-05-22T09:21:17","date_gmt":"2016-05-22T09:21:17","guid":{"rendered":"https:\/\/www.primarycaregenetics.org\/?page_id=1249"},"modified":"2016-05-22T09:21:17","modified_gmt":"2016-05-22T09:21:17","slug":"rodinna-anamneza","status":"publish","type":"page","link":"https:\/\/www.primarycaregenetics.org\/?page_id=1249&lang=cz","title":{"rendered":"Rodinn\u00e1 anamn\u00e9za"},"content":{"rendered":"<p><strong>N\u00e1stroj hlavn\u00edho l\u00e9ka\u0159e ke stanoven\u00ed rodinn\u00e9 anamn\u00e9zy<\/strong><\/p>\n<p>N\u00e1stroj, kter\u00fd mohou pacienti pou\u017e\u00edt k zaznamen\u00e1n\u00ed \u00fadaj\u016f o rodinn\u00e9\/osobn\u00ed anamn\u00e9ze<\/p>\n<p><strong><u>http:\/\/www.hhs.gov\/familyhistory\/portrait\/index.html<\/u><\/strong><\/p>\n","protected":false},"excerpt":{"rendered":"<p>N\u00e1stroj hlavn\u00edho l\u00e9ka\u0159e ke stanoven\u00ed rodinn\u00e9 anamn\u00e9zy N\u00e1stroj, kter\u00fd mohou pacienti pou\u017e\u00edt k zaznamen\u00e1n\u00ed \u00fadaj\u016f o rodinn\u00e9\/osobn\u00ed anamn\u00e9ze http:\/\/www.hhs.gov\/familyhistory\/portrait\/index.html<\/p>\n","protected":false},"author":3,"featured_media":0,"parent":0,"menu_order":0,"comment_status":"closed","ping_status":"closed","template":"template-fullwidth.php","meta":{"ngg_post_thumbnail":0},"_links":{"self":[{"href":"https:\/\/www.primarycaregenetics.org\/index.php?rest_route=\/wp\/v2\/pages\/1249"}],"collection":[{"href":"https:\/\/www.primarycaregenetics.org\/index.php?rest_route=\/wp\/v2\/pages"}],"about":[{"href":"https:\/\/www.primarycaregenetics.org\/index.php?rest_route=\/wp\/v2\/types\/page"}],"author":[{"embeddable":true,"href":"https:\/\/www.primarycaregenetics.org\/index.php?rest_route=\/wp\/v2\/users\/3"}],"replies":[{"embeddable":true,"href":"https:\/\/www.primarycaregenetics.org\/index.php?rest_route=%2Fwp%2Fv2%2Fcomments&post=1249"}],"version-history":[{"count":1,"href":"https:\/\/www.primarycaregenetics.org\/index.php?rest_route=\/wp\/v2\/pages\/1249\/revisions"}],"predecessor-version":[{"id":1251,"href":"https:\/\/www.primarycaregenetics.org\/index.php?rest_route=\/wp\/v2\/pages\/1249\/revisions\/1251"}],"wp:attachment":[{"href":"https:\/\/www.primarycaregenetics.org\/index.php?rest_route=%2Fwp%2Fv2%2Fmedia&parent=1249"}],"curies":[{"name":"wp","href":"https:\/\/api.w.org\/{rel}","templated":true}]}}