{"id":1261,"date":"2016-05-22T09:26:00","date_gmt":"2016-05-22T09:26:00","guid":{"rendered":"https:\/\/www.primarycaregenetics.org\/?page_id=1261"},"modified":"2016-05-22T09:26:00","modified_gmt":"2016-05-22T09:26:00","slug":"zpracovani-a-zaznamenani-udaju-o-rodinne-anamneze","status":"publish","type":"page","link":"https:\/\/www.primarycaregenetics.org\/?page_id=1261&lang=cz","title":{"rendered":"Zpracov\u00e1n\u00ed a zaznamen\u00e1n\u00ed \u00fadaj\u016f o rodinn\u00e9 anamn\u00e9ze"},"content":{"rendered":"<p>Video, kter\u00e9 vysv\u011btluje, jak odebrat rodinnou anamn\u00e9zu Rodinn\u00e1 anamn\u00e9za<\/p>\n<p>N\u00ed\u017ee najdete pracovn\u00ed list pro zaznamen\u00e1n\u00ed \u00fadaj\u016f o rodinn\u00e9 anamn\u00e9ze<\/p>\n","protected":false},"excerpt":{"rendered":"<p>Video, kter\u00e9 vysv\u011btluje, jak odebrat rodinnou anamn\u00e9zu Rodinn\u00e1 anamn\u00e9za N\u00ed\u017ee najdete pracovn\u00ed list pro zaznamen\u00e1n\u00ed \u00fadaj\u016f o rodinn\u00e9 anamn\u00e9ze<\/p>\n","protected":false},"author":3,"featured_media":0,"parent":0,"menu_order":0,"comment_status":"closed","ping_status":"closed","template":"template-fullwidth.php","meta":{"ngg_post_thumbnail":0},"_links":{"self":[{"href":"https:\/\/www.primarycaregenetics.org\/index.php?rest_route=\/wp\/v2\/pages\/1261"}],"collection":[{"href":"https:\/\/www.primarycaregenetics.org\/index.php?rest_route=\/wp\/v2\/pages"}],"about":[{"href":"https:\/\/www.primarycaregenetics.org\/index.php?rest_route=\/wp\/v2\/types\/page"}],"author":[{"embeddable":true,"href":"https:\/\/www.primarycaregenetics.org\/index.php?rest_route=\/wp\/v2\/users\/3"}],"replies":[{"embeddable":true,"href":"https:\/\/www.primarycaregenetics.org\/index.php?rest_route=%2Fwp%2Fv2%2Fcomments&post=1261"}],"version-history":[{"count":1,"href":"https:\/\/www.primarycaregenetics.org\/index.php?rest_route=\/wp\/v2\/pages\/1261\/revisions"}],"predecessor-version":[{"id":1263,"href":"https:\/\/www.primarycaregenetics.org\/index.php?rest_route=\/wp\/v2\/pages\/1261\/revisions\/1263"}],"wp:attachment":[{"href":"https:\/\/www.primarycaregenetics.org\/index.php?rest_route=%2Fwp%2Fv2%2Fmedia&parent=1261"}],"curies":[{"name":"wp","href":"https:\/\/api.w.org\/{rel}","templated":true}]}}