{"id":1402,"date":"2016-07-04T14:57:31","date_gmt":"2016-07-04T14:57:31","guid":{"rendered":"https:\/\/www.primarycaregenetics.org\/?page_id=1402"},"modified":"2016-07-10T07:44:34","modified_gmt":"2016-07-10T07:44:34","slug":"erfdarannsoknir","status":"publish","type":"page","link":"https:\/\/www.primarycaregenetics.org\/?page_id=1402&lang=is","title":{"rendered":"Erf\u00f0aranns\u00f3knir"},"content":{"rendered":"<p>Erf\u00f0a- og sameindal\u00e6knisfr\u00e6\u00f0ideild LSH s\u00e9r um erf\u00f0a- og litningaranns\u00f3knir, b\u00e6\u00f0i \u00fe\u00e6r sem ger\u00f0ar eru \u00e1 \u00cdslandi og sendar erlendis. S\u00edmi \u00e1 DNA einingu er 8245981.<\/p>\n<p>http:\/\/www.landspitali.is\/sjuklingar-adstandendur\/klinisk-svid-og-deildir\/rannsoknarsvid\/erfda-og-sameindalaeknisfraedideild\/<\/p>\n<p>H\u00e9r er a\u00f0 finna (\u00e1 ensku) uppl\u00fdsingar um NIPT e\u00f0a inngripslausar f\u00f3sturgreiningar.<\/p>\n<div class=\"entry clearfix\">\n<p><a href=\"http:\/\/www.rapid.nhs.uk\/\">http:\/\/www.rapid.nhs.uk\/<\/a><\/p>\n<p><strong>F\u00f3sturv\u00edsisgreiningar (enska)<\/strong><\/p>\n<p><a href=\"http:\/\/www.pgd.org.uk\/home.aspx\" target=\"_blank\">http:\/\/www.pgd.org.uk\/home.aspx<\/a><\/p>\n<\/div>\n","protected":false},"excerpt":{"rendered":"<p>Erf\u00f0a- og sameindal\u00e6knisfr\u00e6\u00f0ideild LSH s\u00e9r um erf\u00f0a- og litningaranns\u00f3knir, b\u00e6\u00f0i \u00fe\u00e6r sem ger\u00f0ar eru \u00e1 \u00cdslandi og sendar erlendis. S\u00edmi \u00e1 DNA einingu er 8245981. http:\/\/www.landspitali.is\/sjuklingar-adstandendur\/klinisk-svid-og-deildir\/rannsoknarsvid\/erfda-og-sameindalaeknisfraedideild\/ H\u00e9r er a\u00f0 finna (\u00e1 ensku) uppl\u00fdsingar um NIPT e\u00f0a inngripslausar f\u00f3sturgreiningar. http:\/\/www.rapid.nhs.uk\/ F\u00f3sturv\u00edsisgreiningar (enska) http:\/\/www.pgd.org.uk\/home.aspx<\/p>\n","protected":false},"author":3,"featured_media":0,"parent":792,"menu_order":0,"comment_status":"closed","ping_status":"closed","template":"template-fullwidth.php","meta":{"ngg_post_thumbnail":0},"_links":{"self":[{"href":"https:\/\/www.primarycaregenetics.org\/index.php?rest_route=\/wp\/v2\/pages\/1402"}],"collection":[{"href":"https:\/\/www.primarycaregenetics.org\/index.php?rest_route=\/wp\/v2\/pages"}],"about":[{"href":"https:\/\/www.primarycaregenetics.org\/index.php?rest_route=\/wp\/v2\/types\/page"}],"author":[{"embeddable":true,"href":"https:\/\/www.primarycaregenetics.org\/index.php?rest_route=\/wp\/v2\/users\/3"}],"replies":[{"embeddable":true,"href":"https:\/\/www.primarycaregenetics.org\/index.php?rest_route=%2Fwp%2Fv2%2Fcomments&post=1402"}],"version-history":[{"count":3,"href":"https:\/\/www.primarycaregenetics.org\/index.php?rest_route=\/wp\/v2\/pages\/1402\/revisions"}],"predecessor-version":[{"id":1441,"href":"https:\/\/www.primarycaregenetics.org\/index.php?rest_route=\/wp\/v2\/pages\/1402\/revisions\/1441"}],"up":[{"embeddable":true,"href":"https:\/\/www.primarycaregenetics.org\/index.php?rest_route=\/wp\/v2\/pages\/792"}],"wp:attachment":[{"href":"https:\/\/www.primarycaregenetics.org\/index.php?rest_route=%2Fwp%2Fv2%2Fmedia&parent=1402"}],"curies":[{"name":"wp","href":"https:\/\/api.w.org\/{rel}","templated":true}]}}