{"id":1552,"date":"2016-07-15T20:18:19","date_gmt":"2016-07-15T20:18:19","guid":{"rendered":"https:\/\/www.primarycaregenetics.org\/?page_id=1552"},"modified":"2016-10-17T14:44:58","modified_gmt":"2016-10-17T14:44:58","slug":"praktische-hulpmiddelen-voor-de-dagelijkse-praktijk","status":"publish","type":"page","link":"https:\/\/www.primarycaregenetics.org\/?page_id=1552&lang=nl","title":{"rendered":"Praktische hulpmiddelen voor de dagelijkse praktijk"},"content":{"rendered":"<p>In dit deel vindt u een aantal praktische hulpmiddelen voor gebruik in uw dagelijkse praktijk. www.<a href=\"http:\/\/erfelijkheid.nl\/\">erfelijkheid.nl<\/a>.<\/p>\n<p>Pati\u00ebnten informatie<\/p>\n<p><a href=\"https:\/\/www.primarycaregenetics.org\/?page_id=673&amp;lang=en\">Inheritance pattern<\/a><br \/>\n<a href=\"https:\/\/www.primarycaregenetics.org\/?page_id=665&amp;lang=en\">Referring patients to the genetic services (UK)<\/a><br \/>\n<a href=\"https:\/\/www.primarycaregenetics.org\/?page_id=660&amp;lang=en\">Genetic testing<\/a><br \/>\n<a href=\"https:\/\/www.primarycaregenetics.org\/?page_id=654&amp;lang=en\">Family history<\/a><br \/>\n<a href=\"https:\/\/www.primarycaregenetics.org\/?page_id=651&amp;lang=en\">Pregnancy related information<\/a><br \/>\n<a href=\"https:\/\/www.primarycaregenetics.org\/?page_id=648&amp;lang=en\">Generic information<\/a><\/p>\n<p>Patient information sheets.<\/p>\n<p>In English:<\/p>\n<ul>\n<li><a href=\"http:\/\/www.eurogentest.org\/fileadmin\/templates\/eugt\/leaflets\/pdf\/english\/genetic_test.pdf\" target=\"_blank\">What is a genetic test?<\/a>\u00a0(Explains how and why a genetic test is done).<\/li>\n<li><a href=\"http:\/\/www.eurogentest.org\/fileadmin\/templates\/eugt\/leaflets\/pdf\/english\/some_info.pdf\" target=\"_blank\">Some information about your genetic appointment<\/a>\u00a0(suitable for patients you refer to the genetics services).<\/li>\n<li><a href=\"http:\/\/www.eurogentest.org\/fileadmin\/templates\/eugt\/leaflets\/pdf\/english\/cancer.pdf\" target=\"_blank\">Genetic testing in inherited cancer<\/a>\u00a0(explains presymptomatic testing for an inherited cancer syndrome).<\/li>\n<li><a href=\"http:\/\/www.eurogentest.org\/fileadmin\/templates\/eugt\/leaflets\/pdf\/english\/FAQ.pdf\" target=\"_blank\">Frequently asked questions on genetic testing<\/a><\/li>\n<li>A patients guide to next-generation sequencing.<\/li>\n<\/ul>\n<p>In\u00a0<a href=\"http:\/\/www.eurogentest.org\/index.php?id=236\" target=\"_blank\">Italian<\/a><\/p>\n<p>In Czech:<\/p>\n<ul>\n<li><a href=\"http:\/\/www.eurogentest.org\/fileadmin\/templates\/eugt\/leaflets\/pdf\/czech\/genetic_test.pdf\" target=\"_blank\">Co to je genetick\u00fd test?<\/a><\/li>\n<li><a href=\"http:\/\/www.eurogentest.org\/fileadmin\/templates\/eugt\/leaflets\/pdf\/czech\/some_info.pdf\" target=\"_blank\">N\u00e9kolik informac\u00ed o genetick\u00e9 konsultaci\u00a0<\/a><\/li>\n<li><a href=\"http:\/\/www.eurogentest.org\/fileadmin\/templates\/eugt\/leaflets\/pdf\/czech\/cancer.pdf\" target=\"_blank\">N\u00e1dorov\u00e9 prediktivn\u00ed testov\u00e1n\u00ed<\/a><\/li>\n<li><a href=\"http:\/\/www.eurogentest.org\/fileadmin\/templates\/eugt\/leaflets\/pdf\/czech\/FAQ.pdf\" target=\"_blank\">Casto kladen\u00e9 ot\u00e1zky o genetick\u00e9m testov\u00e1n\u00ed<\/a><\/li>\n<\/ul>\n<p>In Portuguese:<\/p>\n<ul>\n<li id=\"yui_3_16_0_1_1436177916571_497371\" data-canvas-width=\"415.8983777464221\"><a href=\"http:\/\/www.eurogentest.org\/fileadmin\/templates\/eugt\/leaflets\/pdf\/portuguese\/cancer_revised.pdf\" target=\"_blank\">Teste Preditivo para\u00a0Cancros Heredit\u00e1rios<\/a><\/li>\n<li data-canvas-width=\"415.8983777464221\">\n<div id=\"yui_3_16_0_1_1436177916571_496412\" class=\"\" data-canvas-width=\"572.9134190687362\"><a href=\"http:\/\/www.eurogentest.org\/fileadmin\/templates\/eugt\/leaflets\/pdf\/portuguese\/some_info.pdf\" target=\"_blank\">Alguma informa\u00e7\u00e3o sobre a\u00a0sua consulta de gen\u00e9tica<\/a><\/div>\n<\/li>\n<li data-canvas-width=\"415.8983777464221\">\n<div id=\"yui_3_16_0_1_1436177916571_496412\" class=\"\" data-canvas-width=\"572.9134190687362\"><a href=\"http:\/\/www.eurogentest.org\/fileadmin\/templates\/eugt\/leaflets\/pdf\/portuguese\/predictive_testing.pdf\" target=\"_blank\">O que \u00e9 um teste gen\u00e9tico?<\/a><\/div>\n<\/li>\n<\/ul>\n<div class=\"\" data-canvas-width=\"572.9134190687362\">In Icelandic:<\/div>\n<ul>\n<li data-canvas-width=\"572.9134190687362\"><a href=\"http:\/\/www.eurogentest.org\/fileadmin\/templates\/eugt\/leaflets\/pdf\/icelandic\/some_info.pdf\" target=\"_blank\">Uppl\u00fdsingar um erf\u00f0ar\u00e1\u00f0gj\u00f6f<\/a><\/li>\n<li data-canvas-width=\"572.9134190687362\"><a href=\"http:\/\/www.eurogentest.org\/fileadmin\/templates\/eugt\/leaflets\/pdf\/icelandic\/genetic_test.pdf\" target=\"_blank\">Hva\u00f0 felst \u00ed erf\u00f0aranns\u00f3kn?<\/a><\/li>\n<li data-canvas-width=\"572.9134190687362\"><a href=\"http:\/\/www.eurogentest.org\/fileadmin\/templates\/eugt\/leaflets\/pdf\/icelandic\/FAQ.pdf\" target=\"_blank\">Algengar spurningar um erf\u00f0aranns\u00f3knir<\/a><\/li>\n<\/ul>\n<p>In Dutch:<\/p>\n<ul>\n<li><a href=\"http:\/\/www.eurogentest.org\/fileadmin\/templates\/eugt\/leaflets\/pdf\/dutch_nl\/genetic_test.pdf\" target=\"_blank\">Wat is een geneticsche test?<\/a><\/li>\n<li><a href=\"http:\/\/www.eurogentest.org\/fileadmin\/templates\/eugt\/leaflets\/pdf\/dutch_nl\/FAQ.pdf\" target=\"_blank\">Veelgestelde vragen over genetische testen<\/a><\/li>\n<li><a href=\"http:\/\/www.eurogentest.org\/fileadmin\/templates\/eugt\/leaflets\/pdf\/dutch_nl\/genetic_test.pdf\" target=\"_blank\">Afspraak bij de arts<\/a><\/li>\n<\/ul>\n<p>These sheets and many more are available in other languages<a href=\"http:\/\/www.eurogentest.org\/index.php?id=226\" target=\"_blank\">\u00a0here<\/a><\/p>\n","protected":false},"excerpt":{"rendered":"<p>In dit deel vindt u een aantal praktische hulpmiddelen voor gebruik in uw dagelijkse praktijk. www.erfelijkheid.nl. Pati\u00ebnten informatie Inheritance pattern Referring patients to the genetic services (UK) Genetic testing Family history Pregnancy related information Generic information Patient information sheets. In English: What is a genetic test?\u00a0(Explains how and why a genetic test is done). Some information about your genetic appointment\u00a0(suitable for patients you refer to the genetics services). Genetic testing in inherited cancer\u00a0(explains presymptomatic testing for an inherited cancer syndrome). [&#8230;]<\/p>\n","protected":false},"author":3,"featured_media":0,"parent":0,"menu_order":0,"comment_status":"closed","ping_status":"closed","template":"template-fullwidth.php","meta":{"ngg_post_thumbnail":0},"_links":{"self":[{"href":"https:\/\/www.primarycaregenetics.org\/index.php?rest_route=\/wp\/v2\/pages\/1552"}],"collection":[{"href":"https:\/\/www.primarycaregenetics.org\/index.php?rest_route=\/wp\/v2\/pages"}],"about":[{"href":"https:\/\/www.primarycaregenetics.org\/index.php?rest_route=\/wp\/v2\/types\/page"}],"author":[{"embeddable":true,"href":"https:\/\/www.primarycaregenetics.org\/index.php?rest_route=\/wp\/v2\/users\/3"}],"replies":[{"embeddable":true,"href":"https:\/\/www.primarycaregenetics.org\/index.php?rest_route=%2Fwp%2Fv2%2Fcomments&post=1552"}],"version-history":[{"count":2,"href":"https:\/\/www.primarycaregenetics.org\/index.php?rest_route=\/wp\/v2\/pages\/1552\/revisions"}],"predecessor-version":[{"id":1596,"href":"https:\/\/www.primarycaregenetics.org\/index.php?rest_route=\/wp\/v2\/pages\/1552\/revisions\/1596"}],"wp:attachment":[{"href":"https:\/\/www.primarycaregenetics.org\/index.php?rest_route=%2Fwp%2Fv2%2Fmedia&parent=1552"}],"curies":[{"name":"wp","href":"https:\/\/api.w.org\/{rel}","templated":true}]}}