{"id":1817,"date":"2017-05-03T05:06:06","date_gmt":"2017-05-03T05:06:06","guid":{"rendered":"https:\/\/www.primarycaregenetics.org\/?page_id=1817"},"modified":"2017-05-03T05:06:06","modified_gmt":"2017-05-03T05:06:06","slug":"a-proposito-di-noi","status":"publish","type":"page","link":"https:\/\/www.primarycaregenetics.org\/?page_id=1817&lang=it","title":{"rendered":"A proposito di noi"},"content":{"rendered":"<table>\n<tbody>\n<tr>\n<td width=\"264\">&nbsp;<\/p>\n<p>I partner di questo progetto lavorano attualmente in sei diversi paesi europei. Tra i partner ci sono esperti di Cure Primarie, di Genetica e di formazione degli adulti, oltre a un\u2019organizzazione a supporto dei pazienti. Il progetto \u00e8 stato originariamente ideato dalla Prof.ssa Heather Skirton, che ha un background in infermieristica, ostetricia e consulenza genetica, e dalla Dott.ssa Isa Houwink, Medico di Medicina Generale olandese.<\/p>\n<p>&nbsp;<\/td>\n<\/tr>\n<tr>\n<td width=\"264\"><img loading=\"lazy\" class=\"alignleft  wp-image-272\" src=\"https:\/\/www.primarycaregenetics.org\/wp-content\/uploads\/2015\/06\/h89GSH-Z-300x300.jpeg\" alt=\"\" width=\"162\" height=\"162\"\/>Heather Skirton, dell\u2019Universit\u00e0 di Plymouth (UK), \u00e8 la coordinatrice del progetto. Heather ha una formazione di professionista sanitario ed \u00e8 infermiera professionale, consulente genetista registrata e ostetrica. Per oltre 20 anni si \u00e8 occupata di formazione in genetica degli operatori sanitari nel Regno Unito e in tutta Europa. Attualmente \u00e8 Presidente dello European Board of Medical Genetics.<\/td>\n<\/tr>\n<tr>\n<td width=\"264\"><img loading=\"lazy\" class=\"alignleft  wp-image-596\" src=\"https:\/\/www.primarycaregenetics.org\/wp-content\/uploads\/2015\/04\/image1-300x378.jpg\" alt=\"\" width=\"154\" height=\"194\"\/>Leigh Jackson \u00e8 un biologo con esperienza sia di laboratorio di ricerca, sia di genetica clinica. E\u2019 un insegnante qualificato per l&#8217;istruzione superiore e ha particolari competenze nell&#8217;insegnamento della scienza ai non scienziati.<\/td>\n<\/tr>\n<tr>\n<td width=\"264\"><img loading=\"lazy\" class=\"alignleft  wp-image-509\" src=\"https:\/\/www.primarycaregenetics.org\/wp-content\/uploads\/2015\/04\/Peter-photo-300x264.jpg\" alt=\"\" width=\"163\" height=\"143\"\/>Peter Lunt porta la propria esperienza di preparazione di materiale didattico per i Medici di Medicina Generale acquisita in qualit\u00e0 di membro dell\u2019 UK NHS National Genetics and Genomics Education Centre, un\u2019esperienza pi\u00f9 che ventennale come genetista clinico nella gestione del paziente con patologia genetica e nel collegamento con le cure primarie, nonch\u00e9 l\u2019esperienza di insegnamento della genetica agli studenti di medicina e ai medici.<\/td>\n<\/tr>\n<tr>\n<td width=\"264\">Olanda<\/p>\n<p><img loading=\"lazy\" class=\"alignleft  wp-image-455\" src=\"https:\/\/www.primarycaregenetics.org\/wp-content\/uploads\/2015\/07\/IMG_3684-300x300.jpg\" alt=\"\" width=\"172\" height=\"172\"\/>Isa Houwink \u00e8 un medico di medicina generale&nbsp; che ha svolto un dottorato di ricerca su modalit\u00e0 innovative per la formazione genetica dei medici di medicina generale e ha progettato e svolto attivit\u00e0 formative basate sull&#8217;uso di pazienti reali e simulati. Isa porta la propria esperienza &nbsp;in materia di formazione dei medici di medicina generale e una profonda conoscenza della pratica delle cure primarie.<\/p>\n<p>&nbsp;<\/td>\n<\/tr>\n<tr>\n<td width=\"264\"><img loading=\"lazy\" class=\"alignleft  wp-image-629\" src=\"https:\/\/www.primarycaregenetics.org\/wp-content\/uploads\/2015\/04\/Unknown-e1444942351213.jpeg\" alt=\"\" width=\"167\" height=\"167\"\/>Martina Cornel \u00e8 professore di genetica di comunit\u00e0 e di genomica in salute pubblica presso il VU University Medical Centre di Amsterdam. Insegna agli studenti di medicina e di scienze della salute e di corsi di formazione post-lauream.<\/td>\n<\/tr>\n<tr>\n<td width=\"264\">Repubblica Ceca<\/p>\n<p><img loading=\"lazy\" class=\"alignleft  wp-image-632\" src=\"https:\/\/www.primarycaregenetics.org\/wp-content\/uploads\/2015\/04\/photo-Curtisova-300x5641-300x473.jpg\" alt=\"\" width=\"154\" height=\"243\"\/>Vaclava Curtisova \u00e8 una pediatra e genetista clinica che si \u00e8 formata e ha lavorato sia in Inghilterra che nella Repubblica Ceca. E\u2019 coinvolta nell&#8217;insegnamento di studenti di medicina ed operatori sanitari.<\/p>\n<p>&nbsp;<\/td>\n<\/tr>\n<tr>\n<td width=\"264\"><img loading=\"lazy\" class=\"alignleft size-full wp-image-630\" src=\"https:\/\/www.primarycaregenetics.org\/wp-content\/uploads\/2015\/04\/Unknown-1.jpeg\" alt=\"\" width=\"160\" height=\"215\"\/>Il Professor Milan Macek ha esperienza in genetica sia clinica che di laboratorio. E\u2019Presidente della Societ\u00e0 Ceca di Genetica Medica e il coordinatore nazionale di Orphanet.<\/p>\n<p>&nbsp;<\/td>\n<\/tr>\n<tr>\n<td width=\"264\">Islanda<\/p>\n<p><img loading=\"lazy\" class=\"alignleft  wp-image-469\" src=\"https:\/\/www.primarycaregenetics.org\/wp-content\/uploads\/2015\/04\/IMG_2266-300x450.jpg\" alt=\"\" width=\"165\" height=\"248\"\/>Vigdis Stefansdottir \u00e8 una consulente genetista a Landspitali \u2013 l\u2019Ospedale Universitario Nazionale dell\u2019Islanda. E\u2019 attivamente coinvolta nella formazione professionale in Islanda e ha una vasta esperienza nella scrittura di informazioni tecniche in termini facilmente comprensibili grazie alla sua esperienza nel giornalismo. Ha anche esperienza nella creazione e gestione di siti web.<\/p>\n<p>&nbsp;<\/td>\n<\/tr>\n<tr>\n<td width=\"264\">Italia<\/p>\n<p><img loading=\"lazy\" class=\"alignleft  wp-image-528\" src=\"https:\/\/www.primarycaregenetics.org\/wp-content\/uploads\/2015\/04\/2015-09-01-14.17.52-300x301.jpg\" alt=\"\" width=\"154\" height=\"155\"\/>Daniela Turchetti \u00e8 una genetista clinica con competenze specifiche nel campo della genetica oncologica. E &#8216;stata docente in corsi organizzati dalla Scuola Europea di Medicina Genetica sulla genetica del cancro e la consulenza genetica. Daniela ha avuto un ruolo importante nella creazione di percorsi per identificare e gestire gli individui con rischio familiare di cancro a livello metropolitano e regionale, che comprendevano anche la formazione dei Medici di Medicina Generale e altri operatori sanitari.<\/p>\n<p>&nbsp;<\/td>\n<\/tr>\n<tr>\n<td width=\"264\">Portogallo<\/p>\n<p><img loading=\"lazy\" class=\"alignleft  wp-image-440\" src=\"https:\/\/www.primarycaregenetics.org\/wp-content\/uploads\/2015\/07\/Milena-300x366.jpg\" alt=\"\" width=\"198\" height=\"242\"\/>Milena Paneque \u00e8 una consulente genetista e psicologa che ha studiato a Cuba e da 10 anni lavora in Portogallo, dove si occupa di sviluppare programmi di formazione in consulenza genetica, la pratica clinica nel campo della genetica e la ricerca relativa alla qualit\u00e0 dell&#8217;assistenza sanitaria genetica per i pazienti. Ha esperienza nell\u2019insegnamento della genetica agli operatori sanitari nel settore dell&#8217;istruzione superiore, ed \u00e8 inoltre stata co-direttore\/docente del corso di Master in Consulenza Genetica in Portogallo. Ha partecipato alla definizione delle competenze di base e degli obiettivi di apprendimento della genetica per gli operatori sanitari europei ed \u00e8 attualmente co-presidente della Divisione dei consulenti e infermieri genetici dell\u2019European Board of Medical Genetics; \u00e8 stata un pioniere nel campo dell\u2019istruzione e della ricerca in consulenza genetica in Portogallo.<\/p>\n<p>&nbsp;<\/td>\n<\/tr>\n<\/tbody>\n<\/table>\n","protected":false},"excerpt":{"rendered":"<p>&nbsp; I partner di questo progetto lavorano attualmente in sei diversi paesi europei. Tra i partner ci sono esperti di Cure Primarie, di Genetica e di formazione degli adulti, oltre a un\u2019organizzazione a supporto dei pazienti. Il progetto \u00e8 stato originariamente ideato dalla Prof.ssa Heather Skirton, che ha un background in infermieristica, ostetricia e consulenza genetica, e dalla Dott.ssa Isa Houwink, Medico di Medicina Generale olandese. &nbsp; Heather Skirton, dell\u2019Universit\u00e0 di Plymouth (UK), \u00e8 la coordinatrice del progetto. Heather ha [&#8230;]<\/p>\n","protected":false},"author":3,"featured_media":0,"parent":0,"menu_order":0,"comment_status":"closed","ping_status":"closed","template":"template-fullwidth.php","meta":{"ngg_post_thumbnail":0},"_links":{"self":[{"href":"https:\/\/www.primarycaregenetics.org\/index.php?rest_route=\/wp\/v2\/pages\/1817"}],"collection":[{"href":"https:\/\/www.primarycaregenetics.org\/index.php?rest_route=\/wp\/v2\/pages"}],"about":[{"href":"https:\/\/www.primarycaregenetics.org\/index.php?rest_route=\/wp\/v2\/types\/page"}],"author":[{"embeddable":true,"href":"https:\/\/www.primarycaregenetics.org\/index.php?rest_route=\/wp\/v2\/users\/3"}],"replies":[{"embeddable":true,"href":"https:\/\/www.primarycaregenetics.org\/index.php?rest_route=%2Fwp%2Fv2%2Fcomments&post=1817"}],"version-history":[{"count":1,"href":"https:\/\/www.primarycaregenetics.org\/index.php?rest_route=\/wp\/v2\/pages\/1817\/revisions"}],"predecessor-version":[{"id":1819,"href":"https:\/\/www.primarycaregenetics.org\/index.php?rest_route=\/wp\/v2\/pages\/1817\/revisions\/1819"}],"wp:attachment":[{"href":"https:\/\/www.primarycaregenetics.org\/index.php?rest_route=%2Fwp%2Fv2%2Fmedia&parent=1817"}],"curies":[{"name":"wp","href":"https:\/\/api.w.org\/{rel}","templated":true}]}}