{"id":1926,"date":"2017-05-29T09:26:59","date_gmt":"2017-05-29T09:26:59","guid":{"rendered":"https:\/\/www.primarycaregenetics.org\/?page_id=1926"},"modified":"2017-09-03T14:11:47","modified_gmt":"2017-09-03T14:11:47","slug":"moduli-casi","status":"publish","type":"page","link":"https:\/\/www.primarycaregenetics.org\/?page_id=1926&lang=it","title":{"rendered":"Moduli &#8211; casi"},"content":{"rendered":"<p>I nostri moduli sono interamente basati su casi che potresti incontrare nelle cure primarie.<\/p>\n<p><strong>Si riportano qui alcuni casi esemplificativi; vuoi sapere come rispondere loro? <\/strong><\/p>\n<p><strong>Il progetto Gen-Equip si ripropone di aiutarti a rispondere a queste domande.<\/strong><\/p>\n<p>&nbsp;<\/p>\n<p><strong>TOMMASO<\/strong><\/p>\n<p>Tommaso, uomo di 32 anni, si presenta al tuo ambulatorio. Lo conosci abbastanza bene perch\u00e9 pratica molto sport ed ha subito diversi traumi giocando a calcio.<\/p>\n<p>Ti dice che ha notato tracce di sangue nelle proprie feci. Questo \u00e8 accaduto quasi tutti i giorni per circa due mesi\u2026 sua moglie ha insistito affinch\u00e9 venisse da te. E\u2019 chiaramente turbato, nervoso e molto imbarazzato. Ti confessa che \u00e8 spaventato dalla possibilit\u00e0 che ci\u00f2 significhi che ha un cancro.<\/p>\n<p>&nbsp;<\/p>\n<p><strong>ELENA<\/strong><\/p>\n<p>Elena ha 32 anni. E&#8217; in buona salute. Si presenta al tuo ambulatorio molto preoccupata per il fatto che a sua sorella di 37 anni \u00e8 stato appena diagnosticato un tumore mammario. E&#8217; molto preoccupata sia per s\u00e9 sia per la figlia tredicenne. Vorrebbe sottoporsi immediatamente a una mammografia.<\/p>\n<p>&nbsp;<\/p>\n<p><strong>SOFIA<\/strong><\/p>\n<p>Sofia, 28 anni, viene al tuo ambulatorio per chiedere la prescrizione di sonniferi. Non riesce a dormire bene da quando sua sorella di 23 anni \u00e8 morta improvvisamente ed inaspettatamente. Le \u00e8 stato detto che probabilmente \u00e8 dovuto ad una patologia cardiaca non diagnosticata. Sofia \u00e8 molto preoccupata per se stessa e per i suoi due bambini.<\/p>\n<p>&nbsp;<\/p>\n<p><strong>MILO<\/strong><\/p>\n<p>Maria si presenta per la prima volta al tuo ambulatorio.\u00a0 Ti porta suo figlio Milo per fartelo visitare. Ha 19 mesi.\u00a0 Il figlio di sua sorella ha all\u2019incirca la stessa et\u00e0 e Maria ha notato che il suo sviluppo \u00e8 molto pi\u00f9 avanti di quello di Milo.\u00a0 E\u2019 preoccupata perch\u00e9 Milo non sa ancora camminare da solo e dice solo due parole (pap\u00e0 e pappa).\u00a0Ha gattonato a 16 mesi.<\/p>\n<p>&nbsp;<\/p>\n<p><strong>GIULIA e GIORGIO<\/strong><\/p>\n<p>Giulia e Giorgio vengono da te per un consiglio preconcezionale. Non hanno ancora avuto alcuna gravidanza, ma intendono intraprenderne una. Sono preoccupati perch\u00e9 la madre di Giulia ha perso due feti in epoca avanzata di gravidanza e ha avuto un aborto spontaneo. Non ne conoscono le cause.<\/p>\n<p>&nbsp;<\/p>\n<p><strong>GIOVANNI<\/strong><\/p>\n<p>Giovanni ha 53 anni. E\u2019 in buona salute ed \u00e8 venuto per una vaccinazione antinfluenzale (lavora come badante per anziani non autosufficienti). Riferisce che sua madre \u00e8 morta di demenza a 65 anni e chiede se si pu\u00f2 fare un test genetico per la demenza.<\/p>\n<p>&nbsp;<\/p>\n<p><strong>ELISABETTA<\/strong><\/p>\n<p>Elisabetta giunge alla tua attenzione per la prima visita prenatale.Ha 24 anni, \u00e8 in buona salute ed \u00e8 alla 9\u00b0 settimana della sua prima gravidanza. E\u2019 italiana e proviene dallo stesso paese del suo partner Carlo.<\/p>\n<p>&nbsp;<\/p>\n<p><strong>MARTA<\/strong><\/p>\n<p>Marta ha 39 anni ed \u00e8 tua paziente da molti anni. Ha ricevuto diagnosi di epilessia quando aveva 19 anni e da 8 anni il quadro \u00e8 stabile. Attualmente \u00e8 alla 7\u00b0 settimana di gravidanza e vuole assicurarsi che il bimbo stia bene.<\/p>\n","protected":false},"excerpt":{"rendered":"<p>I nostri moduli sono interamente basati su casi che potresti incontrare nelle cure primarie. Si riportano qui alcuni casi esemplificativi; vuoi sapere come rispondere loro? Il progetto Gen-Equip si ripropone di aiutarti a rispondere a queste domande. &nbsp; TOMMASO Tommaso, uomo di 32 anni, si presenta al tuo ambulatorio. Lo conosci abbastanza bene perch\u00e9 pratica molto sport ed ha subito diversi traumi giocando a calcio. Ti dice che ha notato tracce di sangue nelle proprie feci. Questo \u00e8 accaduto quasi [&#8230;]<\/p>\n","protected":false},"author":3,"featured_media":0,"parent":1913,"menu_order":0,"comment_status":"closed","ping_status":"closed","template":"template-fullwidth.php","meta":{"ngg_post_thumbnail":0},"_links":{"self":[{"href":"https:\/\/www.primarycaregenetics.org\/index.php?rest_route=\/wp\/v2\/pages\/1926"}],"collection":[{"href":"https:\/\/www.primarycaregenetics.org\/index.php?rest_route=\/wp\/v2\/pages"}],"about":[{"href":"https:\/\/www.primarycaregenetics.org\/index.php?rest_route=\/wp\/v2\/types\/page"}],"author":[{"embeddable":true,"href":"https:\/\/www.primarycaregenetics.org\/index.php?rest_route=\/wp\/v2\/users\/3"}],"replies":[{"embeddable":true,"href":"https:\/\/www.primarycaregenetics.org\/index.php?rest_route=%2Fwp%2Fv2%2Fcomments&post=1926"}],"version-history":[{"count":3,"href":"https:\/\/www.primarycaregenetics.org\/index.php?rest_route=\/wp\/v2\/pages\/1926\/revisions"}],"predecessor-version":[{"id":2182,"href":"https:\/\/www.primarycaregenetics.org\/index.php?rest_route=\/wp\/v2\/pages\/1926\/revisions\/2182"}],"up":[{"embeddable":true,"href":"https:\/\/www.primarycaregenetics.org\/index.php?rest_route=\/wp\/v2\/pages\/1913"}],"wp:attachment":[{"href":"https:\/\/www.primarycaregenetics.org\/index.php?rest_route=%2Fwp%2Fv2%2Fmedia&parent=1926"}],"curies":[{"name":"wp","href":"https:\/\/api.w.org\/{rel}","templated":true}]}}