{"id":2098,"date":"2017-06-28T06:02:39","date_gmt":"2017-06-28T06:02:39","guid":{"rendered":"https:\/\/www.primarycaregenetics.org\/?page_id=2098"},"modified":"2017-09-17T20:12:34","modified_gmt":"2017-09-17T20:12:34","slug":"primary-care-namsefni","status":"publish","type":"page","link":"https:\/\/www.primarycaregenetics.org\/?page_id=2098&lang=is","title":{"rendered":"Primary Care n\u00e1msefni"},"content":{"rendered":"<div class=\"wpb_text_column wpb_content_element \">\n<div class=\"wpb_wrapper\">\n<p><strong>G<\/strong><strong>en-Equip verkefni\u00f0: n\u00e1msefni \u00ed erf\u00f0afr\u00e6\u00f0i og erf\u00f0amengisfr\u00e6\u00f0i fyrir fagf\u00f3lk \u00ed grunn\u00fej\u00f3nustu.<\/strong><\/p>\n<p><strong>Kynning<\/strong><\/p>\n<p>\u00deetta n\u00e1msefni hefur veri\u00f0 unni\u00f0 sem hluti af Gen-Equip verkefninu. Tilgangurinn er fyrst og fremst s\u00e1 a\u00f0 gera n\u00e1msefni \u00ed erf\u00f0afr\u00e6\u00f0i a\u00f0gengilegt fyrir fagf\u00f3lk \u00ed grunn\u00fej\u00f3nustu. <a href=\"https:\/\/www.primarycaregenetics.org\/?page_id=748&amp;lang=is\">Gen-Equip teymi\u00f0<\/a> \u00e1kva\u00f0 og vann n\u00e1msefni\u00f0 eftir a\u00f0 hafa gert leit \u00ed heimildum af \u00fev\u00ed hva\u00f0 v\u00e6ri fyrirliggjandi og hva\u00f0 vanta\u00f0i.&nbsp;<\/p>\n<p>Teymi\u00f0 s\u00e1 fyrir s\u00e9r a\u00f0 skapa m\u00e6tti d\u00fdnam\u00edskt t\u00e6ki til a\u00f0 veita menntun \u00feeim sem \u00feess \u00feurfa og vilja. \u00dear sem heilbrig\u00f0is\u00fej\u00f3nusta er tekur st\u00f6\u00f0ugum breytingum og framfarir eiga s\u00e9r sta\u00f0, eru allar till\u00f6gur og \u00e1bendingar vel \u00feegnar. H\u00e6gt er a\u00f0 senda \u00fe\u00e6r \u00e1 Heather Skirton sem er umsj\u00f3narma\u00f0ur verkefnisins (<a href=\"mailto:heather.skirton@plymouth.ac.uk\">heather.skirton@plymouth.ac.uk<\/a>) e\u00f0a Vigd\u00edsar Stef\u00e1ns\u00f3ttur erf\u00f0ar\u00e1\u00f0gjafa \u00e1 Landsp\u00edtala (<a href=\"mailto:vigdisst@landspitali.is\">vigdisst@landspitali.is<\/a>)<\/p>\n<p><strong>Efni&nbsp;<\/strong><\/p>\n<p><strong>Hvers vegna skiptir erf\u00f0afr\u00e6\u00f0i m\u00e1li \u00ed grunn\u00fej\u00f3nustu?<\/strong>&nbsp;<\/p>\n<p><strong>Fj\u00f6lskyldusaga<\/strong>&nbsp;<\/p>\n<p><strong>Vi\u00f0v\u00f6runarmerki e\u00f0a rau\u00f0 fl\u00f6gg \u00feegar tekin er fj\u00f6lskyldusaga<\/strong>&nbsp;<\/p>\n<p><strong>Hva\u00f0 fer fram \u00ed erf\u00f0aheilbrig\u00f0is\u00fej\u00f3nustu?<\/strong>&nbsp;<\/p>\n<p><strong>\u00c1bendingar um a\u00f0 v\u00edsa \u00e6tti sj\u00fakdlingi \u00ed erf\u00f0aheilbrig\u00f0is\u00fej\u00f3nstu&nbsp;<\/strong><\/p>\n<p><strong>Hvernig \u00e1 a\u00f0 v\u00edsa \u00ed erf\u00f0aheilbrig\u00f0is\u00fej\u00f3nustu?<\/strong>&nbsp;<\/p>\n<p><strong>A\u00f0 tala vi\u00f0 sj\u00faklinga um ni\u00f0urst\u00f6\u00f0ur erf\u00f0aranns\u00f3kna<\/strong><\/p>\n<p><strong>Si\u00f0fr\u00e6\u00f0ilegir og f\u00e9lagslegir \u00fe\u00e6ttir \u00ed grunnerf\u00f0afr\u00e6\u00f0i\u00fej\u00f3nustu<\/strong><\/p>\n<p><strong>Grunn\u00feekking \u00e1 erf\u00f0afr\u00e6\u00f0i og erf\u00f0am\u00e1ta&nbsp;<\/strong>&nbsp;<\/p>\n<p><strong>F\u00f3sturskimun og f\u00f3sturgreining<\/strong>&nbsp;<\/p>\n<p><strong>Fyrir me\u00f0g\u00f6ngu<\/strong><\/p>\n<p><strong>Barnal\u00e6kningar<\/strong>&nbsp;<\/p>\n<p><strong>Krabbamein fullor\u00f0inna<\/strong>&nbsp;&nbsp;&nbsp;<\/p>\n<p><strong>Hjartasj\u00fakd\u00f3mar fullor\u00f0inna<\/strong><\/p>\n<\/div>\n<\/div>\n<div class=\"wpb_text_column wpb_content_element \">\n<div class=\"wpb_wrapper\">\n<p><b>H\u00f6fundar<\/b><\/p>\n<p>H\u00f6fundar efnis eru:&nbsp;<\/p>\n<p>Heather Skirton, Leigh Jackson, Peter Lunt, Elisa Houwink, Martina Cornel, Daniela Turchetti, Alastair Kent, Stuart Pritchard, Milena Paneque, Vigdis Stefansdottir, Vlacava Curtisova.<\/p>\n<p>Einnig hefur Nadeem Qureshi a\u00f0sto\u00f0a\u00f0 vi\u00f0 efnisger\u00f0.<\/p>\n<p><strong><em>\u00dea\u00f0 sem er \u00e1 \u00feessu vefsv\u00e6\u00f0i endurspeglar vi\u00f0horf h\u00f6funda einna. European Commission og Ecorys UK bera ekki \u00e1byrg\u00f0 \u00e1 \u00feeim uppl\u00fdsingum sem \u00fear koma fram.<\/em><\/strong><\/p>\n<\/div>\n<\/div>\n","protected":false},"excerpt":{"rendered":"<p>Gen-Equip verkefni\u00f0: n\u00e1msefni \u00ed erf\u00f0afr\u00e6\u00f0i og erf\u00f0amengisfr\u00e6\u00f0i fyrir fagf\u00f3lk \u00ed grunn\u00fej\u00f3nustu. Kynning \u00deetta n\u00e1msefni hefur veri\u00f0 unni\u00f0 sem hluti af Gen-Equip verkefninu. Tilgangurinn er fyrst og fremst s\u00e1 a\u00f0 gera n\u00e1msefni \u00ed erf\u00f0afr\u00e6\u00f0i a\u00f0gengilegt fyrir fagf\u00f3lk \u00ed grunn\u00fej\u00f3nustu. Gen-Equip teymi\u00f0 \u00e1kva\u00f0 og vann n\u00e1msefni\u00f0 eftir a\u00f0 hafa gert leit \u00ed heimildum af \u00fev\u00ed hva\u00f0 v\u00e6ri fyrirliggjandi og hva\u00f0 vanta\u00f0i.&nbsp; Teymi\u00f0 s\u00e1 fyrir s\u00e9r a\u00f0 skapa m\u00e6tti d\u00fdnam\u00edskt t\u00e6ki til a\u00f0 veita menntun \u00feeim sem \u00feess \u00feurfa og vilja. \u00dear sem [&#8230;]<\/p>\n","protected":false},"author":3,"featured_media":0,"parent":782,"menu_order":0,"comment_status":"closed","ping_status":"closed","template":"template-fullwidth.php","meta":{"ngg_post_thumbnail":0},"_links":{"self":[{"href":"https:\/\/www.primarycaregenetics.org\/index.php?rest_route=\/wp\/v2\/pages\/2098"}],"collection":[{"href":"https:\/\/www.primarycaregenetics.org\/index.php?rest_route=\/wp\/v2\/pages"}],"about":[{"href":"https:\/\/www.primarycaregenetics.org\/index.php?rest_route=\/wp\/v2\/types\/page"}],"author":[{"embeddable":true,"href":"https:\/\/www.primarycaregenetics.org\/index.php?rest_route=\/wp\/v2\/users\/3"}],"replies":[{"embeddable":true,"href":"https:\/\/www.primarycaregenetics.org\/index.php?rest_route=%2Fwp%2Fv2%2Fcomments&post=2098"}],"version-history":[{"count":3,"href":"https:\/\/www.primarycaregenetics.org\/index.php?rest_route=\/wp\/v2\/pages\/2098\/revisions"}],"predecessor-version":[{"id":2315,"href":"https:\/\/www.primarycaregenetics.org\/index.php?rest_route=\/wp\/v2\/pages\/2098\/revisions\/2315"}],"up":[{"embeddable":true,"href":"https:\/\/www.primarycaregenetics.org\/index.php?rest_route=\/wp\/v2\/pages\/782"}],"wp:attachment":[{"href":"https:\/\/www.primarycaregenetics.org\/index.php?rest_route=%2Fwp%2Fv2%2Fmedia&parent=2098"}],"curies":[{"name":"wp","href":"https:\/\/api.w.org\/{rel}","templated":true}]}}