{"id":2101,"date":"2017-06-28T06:11:14","date_gmt":"2017-06-28T06:11:14","guid":{"rendered":"https:\/\/www.primarycaregenetics.org\/?page_id=2101"},"modified":"2017-06-28T06:11:14","modified_gmt":"2017-06-28T06:11:14","slug":"app-fyrir-ahaettumat-vegna-krabbameina","status":"publish","type":"page","link":"https:\/\/www.primarycaregenetics.org\/?page_id=2101&lang=is","title":{"rendered":"App fyrir \u00e1h\u00e6ttumat vegna krabbameina"},"content":{"rendered":"<p>\u00deetta app getur hj\u00e1lpa\u00f0 \u00fe\u00e9r og sj\u00faklingum \u00fe\u00ednum a\u00f0 meta \u00e1h\u00e6ttu e\u00f0a l\u00edkur \u00e1 arfgengu krabbameini&nbsp;<a href=\"http:\/\/www.ubqo.com\/cancergenetics\">http:\/\/www.ubqo.com\/cancergenetics<\/a><\/p>\n","protected":false},"excerpt":{"rendered":"<p>\u00deetta app getur hj\u00e1lpa\u00f0 \u00fe\u00e9r og sj\u00faklingum \u00fe\u00ednum a\u00f0 meta \u00e1h\u00e6ttu e\u00f0a l\u00edkur \u00e1 arfgengu krabbameini&nbsp;http:\/\/www.ubqo.com\/cancergenetics<\/p>\n","protected":false},"author":3,"featured_media":0,"parent":0,"menu_order":0,"comment_status":"closed","ping_status":"closed","template":"","meta":{"ngg_post_thumbnail":0},"_links":{"self":[{"href":"https:\/\/www.primarycaregenetics.org\/index.php?rest_route=\/wp\/v2\/pages\/2101"}],"collection":[{"href":"https:\/\/www.primarycaregenetics.org\/index.php?rest_route=\/wp\/v2\/pages"}],"about":[{"href":"https:\/\/www.primarycaregenetics.org\/index.php?rest_route=\/wp\/v2\/types\/page"}],"author":[{"embeddable":true,"href":"https:\/\/www.primarycaregenetics.org\/index.php?rest_route=\/wp\/v2\/users\/3"}],"replies":[{"embeddable":true,"href":"https:\/\/www.primarycaregenetics.org\/index.php?rest_route=%2Fwp%2Fv2%2Fcomments&post=2101"}],"version-history":[{"count":1,"href":"https:\/\/www.primarycaregenetics.org\/index.php?rest_route=\/wp\/v2\/pages\/2101\/revisions"}],"predecessor-version":[{"id":2103,"href":"https:\/\/www.primarycaregenetics.org\/index.php?rest_route=\/wp\/v2\/pages\/2101\/revisions\/2103"}],"wp:attachment":[{"href":"https:\/\/www.primarycaregenetics.org\/index.php?rest_route=%2Fwp%2Fv2%2Fmedia&parent=2101"}],"curies":[{"name":"wp","href":"https:\/\/api.w.org\/{rel}","templated":true}]}}