{"id":2105,"date":"2017-06-28T06:28:42","date_gmt":"2017-06-28T06:28:42","guid":{"rendered":"https:\/\/www.primarycaregenetics.org\/?page_id=2105"},"modified":"2017-06-28T06:28:42","modified_gmt":"2017-06-28T06:28:42","slug":"brjosta-og-eggjastokkamein","status":"publish","type":"page","link":"https:\/\/www.primarycaregenetics.org\/?page_id=2105&lang=is","title":{"rendered":"Brj\u00f3sta- og eggjastokkamein"},"content":{"rendered":"<div id=\"wrap\" class=\"container clearfix template-fullwidth\">\n<section id=\"content-full\" class=\"clearfix\" role=\"main\">\n<div id=\"post-1865\" class=\"post-1865 page type-page status-publish hentry\">\n<div class=\"entry clearfix\">\n<p><strong>Hverjum \u00e6tti a\u00f0 v\u00edsa \u00ed erf\u00f0ar\u00e1\u00f0gj\u00f6f e\u00f0a erf\u00f0aranns\u00f3knir \u00feegar um fj\u00f6lskyldus\u00f6gu um brj\u00f3sta- og\/e\u00f0a eggjastokkakrabbamein er a\u00f0 r\u00e6\u00f0a?<\/strong><\/p>\n<p><strong>Lei\u00f0beiningar NICE&nbsp;<\/strong><\/p>\n<p><a href=\"https:\/\/www.nice.org.uk\/guidance\/cg164\/chapter\/Recommendations#clinical-significance-of-a-family-history-of-breast-cancer\"><strong>https:\/\/www.nice.org.uk\/guidance\/cg164\/chapter\/Recommendations#clinical-significance-of-a-family-history-of-breast-cancer<\/strong><\/a><\/p>\n<p><strong>Samantekt \u00e1 greinum 1.3.3. og 1.3.4&nbsp;<\/strong><\/p>\n<p><strong>Tilv\u00edsun \u00far heilsug\u00e6slu<\/strong><\/p>\n<p>1.3.3<\/p>\n<p>Fyrir utan hi\u00f0 auglj\u00f3sa, a\u00f0 einhver \u00ed fj\u00f6lskyldunni hafi veri\u00f0 greindur me\u00f0 meinvaldandi breytingu \u00ed geni sem skiptir m\u00e1li var\u00f0andi brj\u00f3stakrabbamein, \u00e6tti a\u00f0 v\u00edsa heilbrig\u00f0um einstaklingum sem uppfylla eftirfarandi skilyr\u00f0i \u00ed erf\u00f0ar\u00e1\u00f0gj\u00f6f:<\/p>\n<\/div>\n<p>\u00cd fj\u00f6lskyldu vi\u00f0komandi s\u00e9:<\/p>\n<div class=\"entry clearfix\">\n<ul>\n<li>einn fyrstu gr\u00e1\u00f0u (foreldri, systkini, barn) kvenkyns \u00e6ttingi sem fengi\u00f0 hefur brj\u00f3stakrabbamein yngri en 40 \u00e1ra <strong>e\u00f0a<\/strong><\/li>\n<li>einn fyrstu gr\u00e1\u00f0u karlkyns \u00e6ttingi sem fengi\u00f0 hefur brj\u00f3stakrabbamein, aldur skiptir ekki m\u00e1li <strong>e\u00f0a<\/strong><\/li>\n<li>einn fyrstu gr\u00e1\u00f0u \u00e6ttingi sem fengi\u00f0 hefur brj\u00f3stakrabbamein \u00ed b\u00e6\u00f0i brj\u00f3st, ana\u00f0 \u00feeirra greint fyrir 50 \u00e1ra aldur <b>e\u00f0a<\/b><\/li>\n<li>tveir annarrar gr\u00e1\u00f0u e\u00f0a einn fyrstu gr\u00e1\u00f0u og einn annarrar gr\u00e1\u00f0u \u00e6ttingi greindir me\u00f0 brj\u00f3stakrabbamein, aldur skiptir ekki m\u00e1li&nbsp;<strong>e\u00f0a<\/strong><\/li>\n<li>einn fyrstu e\u00f0a annarrar gr\u00e1\u00f0u \u00e6ttingi me\u00f0 brj\u00f3stakrabbamein og sami e\u00f0a annar me\u00f0 eggjastokkamein <strong>e\u00f0a<\/strong><\/li>\n<li>\u00fer\u00edr fyrstu e\u00f0a annarrar gr\u00e1\u00f0u \u00e6ttingjar hafa greinst me\u00f0 brj\u00f3stakrabbamein, aldur skiptir engu m\u00e1li \u00feegar svo margir hafa greinst.<\/li>\n<\/ul>\n<p>1.3.4<\/p>\n<p>S\u00e9u ofangreind skilyr\u00f0i ekki uppfyllt, \u00e6tti eigi a\u00f0 s\u00ed\u00f0ur a\u00f0 leita r\u00e1\u00f0a ef eitthva\u00f0 af ne\u00f0angreindu er til sta\u00f0ar:&nbsp;<\/p>\n<ul>\n<li>krabbamein \u00ed b\u00e1\u00f0um brj\u00f3stum<\/li>\n<li>karlma\u00f0ur me\u00f0 brj\u00f3stakrabbamein<\/li>\n<li>krabbamein \u00ed eggjastokkum (l\u00edka eggjalei\u00f0urum e\u00f0a l\u00edfhimnu)<\/li>\n<li>S\u00e9 vi\u00f0komandi gy\u00f0ingur a\u00f0 uppruna (\u00fea\u00f0 eru meiri l\u00edkur til a\u00f0 vera me\u00f0 breytingu \u00ed BRCA geni)<\/li>\n<li>sarcoma hj\u00e1 einstaklingi sem er yngri en 45 \u00e1ra<\/li>\n<li>glioma e\u00f0a ungur einstaklingur me\u00f0 adrenal cortical carcinomas<\/li>\n<li>fl\u00f3kin saga um margskonar krabbamein hj\u00e1 ungum einstaklingum<\/li>\n<li>G\u00e6ta \u00feess a\u00f0 huga a\u00f0 s\u00f6gu \u00ed f\u00f6\u00f0urfj\u00f6lskyldu&nbsp;<\/li>\n<\/ul>\n<\/div>\n<\/div>\n<\/section>\n<\/div>\n<div id=\"footer-bg\">&nbsp;<\/div>\n","protected":false},"excerpt":{"rendered":"<p>Hverjum \u00e6tti a\u00f0 v\u00edsa \u00ed erf\u00f0ar\u00e1\u00f0gj\u00f6f e\u00f0a erf\u00f0aranns\u00f3knir \u00feegar um fj\u00f6lskyldus\u00f6gu um brj\u00f3sta- og\/e\u00f0a eggjastokkakrabbamein er a\u00f0 r\u00e6\u00f0a? Lei\u00f0beiningar NICE&nbsp; https:\/\/www.nice.org.uk\/guidance\/cg164\/chapter\/Recommendations#clinical-significance-of-a-family-history-of-breast-cancer Samantekt \u00e1 greinum 1.3.3. og 1.3.4&nbsp; Tilv\u00edsun \u00far heilsug\u00e6slu 1.3.3 Fyrir utan hi\u00f0 auglj\u00f3sa, a\u00f0 einhver \u00ed fj\u00f6lskyldunni hafi veri\u00f0 greindur me\u00f0 meinvaldandi breytingu \u00ed geni sem skiptir m\u00e1li var\u00f0andi brj\u00f3stakrabbamein, \u00e6tti a\u00f0 v\u00edsa heilbrig\u00f0um einstaklingum sem uppfylla eftirfarandi skilyr\u00f0i \u00ed erf\u00f0ar\u00e1\u00f0gj\u00f6f: \u00cd fj\u00f6lskyldu vi\u00f0komandi s\u00e9: einn fyrstu gr\u00e1\u00f0u (foreldri, systkini, barn) kvenkyns \u00e6ttingi sem fengi\u00f0 hefur brj\u00f3stakrabbamein yngri [&#8230;]<\/p>\n","protected":false},"author":3,"featured_media":0,"parent":792,"menu_order":0,"comment_status":"closed","ping_status":"closed","template":"template-fullwidth.php","meta":{"ngg_post_thumbnail":0},"_links":{"self":[{"href":"https:\/\/www.primarycaregenetics.org\/index.php?rest_route=\/wp\/v2\/pages\/2105"}],"collection":[{"href":"https:\/\/www.primarycaregenetics.org\/index.php?rest_route=\/wp\/v2\/pages"}],"about":[{"href":"https:\/\/www.primarycaregenetics.org\/index.php?rest_route=\/wp\/v2\/types\/page"}],"author":[{"embeddable":true,"href":"https:\/\/www.primarycaregenetics.org\/index.php?rest_route=\/wp\/v2\/users\/3"}],"replies":[{"embeddable":true,"href":"https:\/\/www.primarycaregenetics.org\/index.php?rest_route=%2Fwp%2Fv2%2Fcomments&post=2105"}],"version-history":[{"count":1,"href":"https:\/\/www.primarycaregenetics.org\/index.php?rest_route=\/wp\/v2\/pages\/2105\/revisions"}],"predecessor-version":[{"id":2106,"href":"https:\/\/www.primarycaregenetics.org\/index.php?rest_route=\/wp\/v2\/pages\/2105\/revisions\/2106"}],"up":[{"embeddable":true,"href":"https:\/\/www.primarycaregenetics.org\/index.php?rest_route=\/wp\/v2\/pages\/792"}],"wp:attachment":[{"href":"https:\/\/www.primarycaregenetics.org\/index.php?rest_route=%2Fwp%2Fv2%2Fmedia&parent=2105"}],"curies":[{"name":"wp","href":"https:\/\/api.w.org\/{rel}","templated":true}]}}