{"id":2241,"date":"2017-08-30T10:45:17","date_gmt":"2017-08-30T10:45:17","guid":{"rendered":"https:\/\/www.primarycaregenetics.org\/?page_id=2241"},"modified":"2018-01-26T13:49:04","modified_gmt":"2018-01-26T13:49:04","slug":"pribehy-realnych-pacientu","status":"publish","type":"page","link":"https:\/\/www.primarycaregenetics.org\/?page_id=2241&lang=cz","title":{"rendered":"P\u0159\u00edb\u011bhy pacient\u016f"},"content":{"rendered":"<p><a href=\"http:\/\/vzacni.cz\/\">Zde<\/a> je odkaz na str\u00e1nku \u010cesk\u00e9 asociace pro vz\u00e1cn\u00e1 onemocn\u011bn\u00ed (\u010cAVO), na kter\u00e9 jsou zaznamen\u00e1ny p\u0159\u00edb\u011bhy pacient\u016f s geneticky podm\u00edn\u011bn\u00fdmi onemocn\u011bn\u00edmi.<\/p>\n<p>&nbsp;<\/p>\n","protected":false},"excerpt":{"rendered":"<p>Zde je odkaz na str\u00e1nku \u010cesk\u00e9 asociace pro vz\u00e1cn\u00e1 onemocn\u011bn\u00ed (\u010cAVO), na kter\u00e9 jsou zaznamen\u00e1ny p\u0159\u00edb\u011bhy pacient\u016f s geneticky podm\u00edn\u011bn\u00fdmi onemocn\u011bn\u00edmi. &nbsp;<\/p>\n","protected":false},"author":3,"featured_media":0,"parent":0,"menu_order":0,"comment_status":"closed","ping_status":"closed","template":"","meta":{"ngg_post_thumbnail":0},"_links":{"self":[{"href":"https:\/\/www.primarycaregenetics.org\/index.php?rest_route=\/wp\/v2\/pages\/2241"}],"collection":[{"href":"https:\/\/www.primarycaregenetics.org\/index.php?rest_route=\/wp\/v2\/pages"}],"about":[{"href":"https:\/\/www.primarycaregenetics.org\/index.php?rest_route=\/wp\/v2\/types\/page"}],"author":[{"embeddable":true,"href":"https:\/\/www.primarycaregenetics.org\/index.php?rest_route=\/wp\/v2\/users\/3"}],"replies":[{"embeddable":true,"href":"https:\/\/www.primarycaregenetics.org\/index.php?rest_route=%2Fwp%2Fv2%2Fcomments&post=2241"}],"version-history":[{"count":3,"href":"https:\/\/www.primarycaregenetics.org\/index.php?rest_route=\/wp\/v2\/pages\/2241\/revisions"}],"predecessor-version":[{"id":2511,"href":"https:\/\/www.primarycaregenetics.org\/index.php?rest_route=\/wp\/v2\/pages\/2241\/revisions\/2511"}],"wp:attachment":[{"href":"https:\/\/www.primarycaregenetics.org\/index.php?rest_route=%2Fwp%2Fv2%2Fmedia&parent=2241"}],"curies":[{"name":"wp","href":"https:\/\/api.w.org\/{rel}","templated":true}]}}