{"id":2352,"date":"2017-09-17T20:54:01","date_gmt":"2017-09-17T20:54:01","guid":{"rendered":"https:\/\/www.primarycaregenetics.org\/?page_id=2352"},"modified":"2017-09-17T20:54:01","modified_gmt":"2017-09-17T20:54:01","slug":"litningagallar-myndbond-ymis-tungumal","status":"publish","type":"page","link":"https:\/\/www.primarycaregenetics.org\/?page_id=2352&lang=is","title":{"rendered":"Litningagallar &#8211; myndb\u00f6nd, \u00fdmis tungum\u00e1l"},"content":{"rendered":"<div class=\"entry clearfix\">\n<table>\n<tbody>\n<tr>\n<td rowspan=\"6\" width=\"154\"><strong>Chromosomal translocation (Reciprocal translocation)<\/strong><\/td>\n<td width=\"71\">English<\/td>\n<td width=\"237\"><a href=\"https:\/\/youtu.be\/MLDCJ2gUC84?list=PLHdemSStztKa79voJGhTkk7sinywEG9qz\">https:\/\/youtu.be\/MLDCJ2gUC84?list=PLHdemSStztKa79voJGhTkk7sinywEG9qz<\/a><\/td>\n<\/tr>\n<tr>\n<td width=\"71\">French<\/td>\n<td width=\"237\"><a href=\"https:\/\/www.youtube.com\/watch?v=3JsgCfbAaTY\">https:\/\/www.youtube.com\/watch?v=3JsgCfbAaTY<\/a><\/td>\n<\/tr>\n<tr>\n<td width=\"71\">Italian<\/td>\n<td width=\"237\"><a href=\"https:\/\/www.youtube.com\/watch?v=b_7GFT9h93Q\">https:\/\/www.youtube.com\/watch?v=b_7GFT9h93Q<\/a><\/td>\n<\/tr>\n<tr>\n<td width=\"71\">Polish<\/td>\n<td width=\"237\"><a href=\"https:\/\/www.youtube.com\/watch?v=wkOFKvTL-1g\">https:\/\/www.youtube.com\/watch?v=wkOFKvTL-1g<\/a><\/td>\n<\/tr>\n<tr>\n<td width=\"71\">Portuguese<\/td>\n<td width=\"237\"><a href=\"https:\/\/www.youtube.com\/watch?v=jP-MYnK06XU\">https:\/\/www.youtube.com\/watch?v=jP-MYnK06XU<\/a>&nbsp;<\/td>\n<\/tr>\n<tr>\n<td width=\"71\">Spanish<\/td>\n<td width=\"237\"><a href=\"https:\/\/www.youtube.com\/watch?v=pO6F-bRjmj0\">https:\/\/www.youtube.com\/watch?v=pO6F-bRjmj0<\/a><\/td>\n<\/tr>\n<tr>\n<td rowspan=\"6\" width=\"154\">Chromosomal translocation (Robertsonian translocation)&nbsp;<\/td>\n<td width=\"71\">English<\/td>\n<td width=\"237\"><a href=\"https:\/\/youtu.be\/vbGw4VanNjk?list=PLHdemSStztKa79voJGhTkk7sinywEG9qz\">https:\/\/youtu.be\/vbGw4VanNjk?list=PLHdemSStztKa79voJGhTkk7sinywEG9qz<\/a><\/td>\n<\/tr>\n<tr>\n<td width=\"71\">French<\/td>\n<td width=\"237\"><a href=\"https:\/\/www.youtube.com\/watch?v=EGZItXE3_EI\">https:\/\/www.youtube.com\/watch?v=EGZItXE3_EI<\/a><\/td>\n<\/tr>\n<tr>\n<td width=\"71\">Italian<\/td>\n<td width=\"237\"><a href=\"https:\/\/www.youtube.com\/watch?v=16P-D-yp1d0\">https:\/\/www.youtube.com\/watch?v=16P-D-yp1d0<\/a><\/td>\n<\/tr>\n<tr>\n<td width=\"71\">Polish<\/td>\n<td width=\"237\"><a href=\"https:\/\/www.youtube.com\/watch?v=TlGSAoOIJ_Q&amp;t=7s\">https:\/\/www.youtube.com\/watch?v=TlGSAoOIJ_Q&amp;t=7s<\/a><\/td>\n<\/tr>\n<tr>\n<td width=\"71\">Portuguese<\/td>\n<td width=\"237\"><a href=\"https:\/\/www.youtube.com\/watch?v=2ShvQdRPIvQ&amp;t=3s\">https:\/\/www.youtube.com\/watch?v=2ShvQdRPIvQ&amp;t=3s<\/a><\/td>\n<\/tr>\n<tr>\n<td width=\"71\">Spanish<\/td>\n<td width=\"237\"><a href=\"https:\/\/www.youtube.com\/watch?v=3NMxXSIRrv8\">https:\/\/www.youtube.com\/watch?v=3NMxXSIRrv8<\/a><\/td>\n<\/tr>\n<tr>\n<td width=\"154\">Paracentric inversion<\/td>\n<td width=\"71\">English<\/td>\n<td width=\"237\"><a href=\"https:\/\/youtu.be\/THAjvn1cdDM\">https:\/\/youtu.be\/THAjvn1cdDM<\/a><\/td>\n<\/tr>\n<tr>\n<td width=\"154\">Pericentric inversion<\/td>\n<td width=\"71\">English<\/td>\n<td width=\"237\"><a href=\"https:\/\/youtu.be\/QXU7XojaEOs\">https:\/\/youtu.be\/QXU7XojaEOs<\/a><\/td>\n<\/tr>\n<\/tbody>\n<\/table>\n<\/div>\n","protected":false},"excerpt":{"rendered":"<p>Chromosomal translocation (Reciprocal translocation) English https:\/\/youtu.be\/MLDCJ2gUC84?list=PLHdemSStztKa79voJGhTkk7sinywEG9qz French https:\/\/www.youtube.com\/watch?v=3JsgCfbAaTY Italian https:\/\/www.youtube.com\/watch?v=b_7GFT9h93Q Polish https:\/\/www.youtube.com\/watch?v=wkOFKvTL-1g Portuguese https:\/\/www.youtube.com\/watch?v=jP-MYnK06XU&nbsp; Spanish https:\/\/www.youtube.com\/watch?v=pO6F-bRjmj0 Chromosomal translocation (Robertsonian translocation)&nbsp; English https:\/\/youtu.be\/vbGw4VanNjk?list=PLHdemSStztKa79voJGhTkk7sinywEG9qz French https:\/\/www.youtube.com\/watch?v=EGZItXE3_EI Italian https:\/\/www.youtube.com\/watch?v=16P-D-yp1d0 Polish https:\/\/www.youtube.com\/watch?v=TlGSAoOIJ_Q&amp;t=7s Portuguese https:\/\/www.youtube.com\/watch?v=2ShvQdRPIvQ&amp;t=3s Spanish https:\/\/www.youtube.com\/watch?v=3NMxXSIRrv8 Paracentric inversion English https:\/\/youtu.be\/THAjvn1cdDM Pericentric inversion English https:\/\/youtu.be\/QXU7XojaEOs<\/p>\n","protected":false},"author":3,"featured_media":0,"parent":0,"menu_order":0,"comment_status":"closed","ping_status":"closed","template":"","meta":{"ngg_post_thumbnail":0},"_links":{"self":[{"href":"https:\/\/www.primarycaregenetics.org\/index.php?rest_route=\/wp\/v2\/pages\/2352"}],"collection":[{"href":"https:\/\/www.primarycaregenetics.org\/index.php?rest_route=\/wp\/v2\/pages"}],"about":[{"href":"https:\/\/www.primarycaregenetics.org\/index.php?rest_route=\/wp\/v2\/types\/page"}],"author":[{"embeddable":true,"href":"https:\/\/www.primarycaregenetics.org\/index.php?rest_route=\/wp\/v2\/users\/3"}],"replies":[{"embeddable":true,"href":"https:\/\/www.primarycaregenetics.org\/index.php?rest_route=%2Fwp%2Fv2%2Fcomments&post=2352"}],"version-history":[{"count":1,"href":"https:\/\/www.primarycaregenetics.org\/index.php?rest_route=\/wp\/v2\/pages\/2352\/revisions"}],"predecessor-version":[{"id":2354,"href":"https:\/\/www.primarycaregenetics.org\/index.php?rest_route=\/wp\/v2\/pages\/2352\/revisions\/2354"}],"wp:attachment":[{"href":"https:\/\/www.primarycaregenetics.org\/index.php?rest_route=%2Fwp%2Fv2%2Fmedia&parent=2352"}],"curies":[{"name":"wp","href":"https:\/\/api.w.org\/{rel}","templated":true}]}}