{"id":2455,"date":"2017-11-11T16:35:13","date_gmt":"2017-11-11T16:35:13","guid":{"rendered":"https:\/\/www.primarycaregenetics.org\/?page_id=2455"},"modified":"2017-11-11T16:35:13","modified_gmt":"2017-11-11T16:35:13","slug":"arfbundin-haekkun-kolesterols","status":"publish","type":"page","link":"https:\/\/www.primarycaregenetics.org\/?page_id=2455&lang=is","title":{"rendered":"Arfbundin h\u00e6kkun k\u00f3lester\u00f3ls"},"content":{"rendered":"<p><iframe loading=\"lazy\" src=\"https:\/\/training.primarycaregenetics.org\/play.php?template_id=5\" width=\"802\" height=\"602\" frameborder=\"0\" style=\"float:left; position:relative; top:0px; left:0px; z-index:0;\"><\/iframe><\/p>\n","protected":false},"excerpt":{"rendered":"","protected":false},"author":3,"featured_media":0,"parent":1160,"menu_order":0,"comment_status":"closed","ping_status":"closed","template":"template-fullwidth.php","meta":{"ngg_post_thumbnail":0},"_links":{"self":[{"href":"https:\/\/www.primarycaregenetics.org\/index.php?rest_route=\/wp\/v2\/pages\/2455"}],"collection":[{"href":"https:\/\/www.primarycaregenetics.org\/index.php?rest_route=\/wp\/v2\/pages"}],"about":[{"href":"https:\/\/www.primarycaregenetics.org\/index.php?rest_route=\/wp\/v2\/types\/page"}],"author":[{"embeddable":true,"href":"https:\/\/www.primarycaregenetics.org\/index.php?rest_route=\/wp\/v2\/users\/3"}],"replies":[{"embeddable":true,"href":"https:\/\/www.primarycaregenetics.org\/index.php?rest_route=%2Fwp%2Fv2%2Fcomments&post=2455"}],"version-history":[{"count":1,"href":"https:\/\/www.primarycaregenetics.org\/index.php?rest_route=\/wp\/v2\/pages\/2455\/revisions"}],"predecessor-version":[{"id":2456,"href":"https:\/\/www.primarycaregenetics.org\/index.php?rest_route=\/wp\/v2\/pages\/2455\/revisions\/2456"}],"up":[{"embeddable":true,"href":"https:\/\/www.primarycaregenetics.org\/index.php?rest_route=\/wp\/v2\/pages\/1160"}],"wp:attachment":[{"href":"https:\/\/www.primarycaregenetics.org\/index.php?rest_route=%2Fwp%2Fv2%2Fmedia&parent=2455"}],"curies":[{"name":"wp","href":"https:\/\/api.w.org\/{rel}","templated":true}]}}