{"id":2854,"date":"2019-06-28T11:54:32","date_gmt":"2019-06-28T11:54:32","guid":{"rendered":"https:\/\/www.primarycaregenetics.org\/?page_id=2854"},"modified":"2019-06-28T11:54:33","modified_gmt":"2019-06-28T11:54:33","slug":"krabbameinserfdaradgjof","status":"publish","type":"page","link":"https:\/\/www.primarycaregenetics.org\/?page_id=2854&lang=is","title":{"rendered":"Krabbameinserf\u00f0ar\u00e1\u00f0gj\u00f6f"},"content":{"rendered":"\n<p>ss<\/p>\n","protected":false},"excerpt":{"rendered":"<p>ss<\/p>\n","protected":false},"author":3,"featured_media":0,"parent":2814,"menu_order":0,"comment_status":"closed","ping_status":"closed","template":"template-fullwidth.php","meta":{"ngg_post_thumbnail":0},"_links":{"self":[{"href":"https:\/\/www.primarycaregenetics.org\/index.php?rest_route=\/wp\/v2\/pages\/2854"}],"collection":[{"href":"https:\/\/www.primarycaregenetics.org\/index.php?rest_route=\/wp\/v2\/pages"}],"about":[{"href":"https:\/\/www.primarycaregenetics.org\/index.php?rest_route=\/wp\/v2\/types\/page"}],"author":[{"embeddable":true,"href":"https:\/\/www.primarycaregenetics.org\/index.php?rest_route=\/wp\/v2\/users\/3"}],"replies":[{"embeddable":true,"href":"https:\/\/www.primarycaregenetics.org\/index.php?rest_route=%2Fwp%2Fv2%2Fcomments&post=2854"}],"version-history":[{"count":1,"href":"https:\/\/www.primarycaregenetics.org\/index.php?rest_route=\/wp\/v2\/pages\/2854\/revisions"}],"predecessor-version":[{"id":2855,"href":"https:\/\/www.primarycaregenetics.org\/index.php?rest_route=\/wp\/v2\/pages\/2854\/revisions\/2855"}],"up":[{"embeddable":true,"href":"https:\/\/www.primarycaregenetics.org\/index.php?rest_route=\/wp\/v2\/pages\/2814"}],"wp:attachment":[{"href":"https:\/\/www.primarycaregenetics.org\/index.php?rest_route=%2Fwp%2Fv2%2Fmedia&parent=2854"}],"curies":[{"name":"wp","href":"https:\/\/api.w.org\/{rel}","templated":true}]}}