{"id":463,"date":"2015-07-06T15:16:57","date_gmt":"2015-07-06T15:16:57","guid":{"rendered":"https:\/\/www.primarycaregenetics.org\/?page_id=463"},"modified":"2017-05-24T20:43:47","modified_gmt":"2017-05-24T20:43:47","slug":"practical-tools-for-daily-practice","status":"publish","type":"page","link":"https:\/\/www.primarycaregenetics.org\/?page_id=463&lang=en","title":{"rendered":"Practical tools for daily practice"},"content":{"rendered":"<p>In this section you will find a set of practical tools for use in you daily practice.<\/p>\n<ul>\n<li><a href=\"https:\/\/www.primarycaregenetics.org\/?page_id=673&amp;lang=en\">Inheritance pattern<\/a><\/li>\n<li><a href=\"https:\/\/www.primarycaregenetics.org\/?page_id=665&amp;lang=en\">Referring patients to the genetic services (UK)<\/a><\/li>\n<li><a href=\"https:\/\/www.primarycaregenetics.org\/?page_id=660&amp;lang=en\">Genetic testing<\/a><\/li>\n<li><a href=\"https:\/\/www.primarycaregenetics.org\/?page_id=654&amp;lang=en\">Family history<\/a><\/li>\n<li><a href=\"https:\/\/www.primarycaregenetics.org\/?page_id=651&amp;lang=en\">Pregnancy related information<\/a><\/li>\n<li><a href=\"https:\/\/www.primarycaregenetics.org\/?page_id=648&amp;lang=en\">Generic information<\/a><\/li>\n<\/ul>\n<p>Patient information sheets.<\/p>\n<p>In English:<\/p>\n<ul>\n<li><a href=\"http:\/\/www.eurogentest.org\/fileadmin\/templates\/eugt\/leaflets\/pdf\/english\/genetic_test.pdf\" target=\"_blank\" rel=\"noopener noreferrer\">What is a genetic test?<\/a> (Explains how and why a genetic test is done).<\/li>\n<li><a href=\"http:\/\/www.eurogentest.org\/fileadmin\/templates\/eugt\/leaflets\/pdf\/english\/some_info.pdf\" target=\"_blank\" rel=\"noopener noreferrer\">Some information about your genetic appointment<\/a> (suitable for patients you refer to the genetics services).<\/li>\n<li><a href=\"http:\/\/www.eurogentest.org\/fileadmin\/templates\/eugt\/leaflets\/pdf\/english\/cancer.pdf\" target=\"_blank\" rel=\"noopener noreferrer\">Genetic testing in inherited cancer<\/a> (explains presymptomatic testing for an inherited cancer syndrome).<\/li>\n<li><a href=\"http:\/\/www.eurogentest.org\/fileadmin\/templates\/eugt\/leaflets\/pdf\/english\/FAQ.pdf\" target=\"_blank\" rel=\"noopener noreferrer\">Frequently asked questions on genetic testing<\/a><\/li>\n<li>A patients guide to next-generation sequencing.<\/li>\n<\/ul>\n<hr \/>\n<p><strong>Information and support for patients who might be at risk of an inherited cardiac condition<\/strong><\/p>\n<p>You or your patient can contact the British Heart Foundation Genetics Information Service and speak to a nurse specialist.&nbsp; They can give information and advice about whether a genetics referral is indicated.<\/p>\n<p><a href=\"https:\/\/www.bhf.org.uk\/heart-health\/how-we-can-help\/genetic-information-service\">https:\/\/www.bhf.org.uk\/heart-health\/how-we-can-help\/genetic-information-service<\/a><\/p>\n<hr \/>\n<p><strong>Leaflets for patients with an unusual chromosomal disorder <\/strong><\/p>\n<p>The UNIQUE website has leaflets on hundreds of chromosome disorders in many languages.&nbsp;<\/p>\n<p>Please go to <a href=\"http:\/\/www.rarechromo.org\/html\/DisorderGuides.asp\">http:\/\/www.rarechromo.org\/html\/DisorderGuides.asp<\/a> for leaflets in English<\/p>\n<p>Please go to <a href=\"http:\/\/www.rarechromo.org\/html\/DisorderGuidesTranslations.asp\">http:\/\/www.rarechromo.org\/html\/DisorderGuidesTranslations.asp<\/a> for translations in Arabic, Danish, Dutch, French, German, Greek, Italian, Polish, Portuguese, Romanian, Russian and Spanish,<\/p>\n<hr \/>\n<p>In Czech:<\/p>\n<ul>\n<li><a href=\"http:\/\/www.eurogentest.org\/fileadmin\/templates\/eugt\/leaflets\/pdf\/czech\/genetic_test.pdf\" target=\"_blank\" rel=\"noopener noreferrer\">Co to je genetick\u00fd test?<\/a><\/li>\n<li><a href=\"http:\/\/www.eurogentest.org\/fileadmin\/templates\/eugt\/leaflets\/pdf\/czech\/some_info.pdf\" target=\"_blank\" rel=\"noopener noreferrer\">N\u00e9kolik informac\u00ed o genetick\u00e9 konsultaci&nbsp;<\/a><\/li>\n<li><a href=\"http:\/\/www.eurogentest.org\/fileadmin\/templates\/eugt\/leaflets\/pdf\/czech\/cancer.pdf\" target=\"_blank\" rel=\"noopener noreferrer\">N\u00e1dorov\u00e9 prediktivn\u00ed testov\u00e1n\u00ed<\/a><\/li>\n<li><a href=\"http:\/\/www.eurogentest.org\/fileadmin\/templates\/eugt\/leaflets\/pdf\/czech\/FAQ.pdf\" target=\"_blank\" rel=\"noopener noreferrer\">Casto kladen\u00e9 ot\u00e1zky o genetick\u00e9m testov\u00e1n\u00ed<\/a><\/li>\n<\/ul>\n<hr \/>\n<p>In Portuguese:<\/p>\n<ul>\n<li id=\"yui_3_16_0_1_1436177916571_497371\" data-canvas-width=\"415.8983777464221\"><a href=\"http:\/\/www.eurogentest.org\/fileadmin\/templates\/eugt\/leaflets\/pdf\/portuguese\/cancer_revised.pdf\" target=\"_blank\" rel=\"noopener noreferrer\">Teste Preditivo para&nbsp;Cancros Heredit\u00e1rios<\/a><\/li>\n<li data-canvas-width=\"415.8983777464221\"><a href=\"http:\/\/www.eurogentest.org\/fileadmin\/templates\/eugt\/leaflets\/pdf\/portuguese\/some_info.pdf\" target=\"_blank\" rel=\"noopener noreferrer\">Alguma informa\u00e7\u00e3o sobre a&nbsp;sua consulta de gen\u00e9tica<\/a><\/li>\n<li data-canvas-width=\"415.8983777464221\"><a href=\"http:\/\/www.eurogentest.org\/fileadmin\/templates\/eugt\/leaflets\/pdf\/portuguese\/predictive_testing.pdf\" target=\"_blank\" rel=\"noopener noreferrer\">O que \u00e9 um teste gen\u00e9tico?<\/a><\/li>\n<\/ul>\n<div class=\"\" data-canvas-width=\"572.9134190687362\">\n<p><strong>Leaflets for patients with an unusual chromosomal disorder <\/strong><\/p>\n<p>The UNIQUE website has leaflets on hundreds of chromosome disorders in many languages.&nbsp;<\/p>\n<p>Please go to <a href=\"http:\/\/www.rarechromo.org\/html\/DisorderGuidesTranslations.asp\">http:\/\/www.rarechromo.org\/html\/DisorderGuidesTranslations.asp<\/a> for translations in Portuguese.&nbsp;&nbsp;<\/p>\n<hr \/>\n<p>In Icelandic:<\/p>\n<\/div>\n<ul>\n<li data-canvas-width=\"572.9134190687362\"><a href=\"http:\/\/www.eurogentest.org\/fileadmin\/templates\/eugt\/leaflets\/pdf\/icelandic\/some_info.pdf\" target=\"_blank\" rel=\"noopener noreferrer\">Uppl\u00fdsingar um erf\u00f0ar\u00e1\u00f0gj\u00f6f<\/a><\/li>\n<li data-canvas-width=\"572.9134190687362\"><a href=\"http:\/\/www.eurogentest.org\/fileadmin\/templates\/eugt\/leaflets\/pdf\/icelandic\/genetic_test.pdf\" target=\"_blank\" rel=\"noopener noreferrer\">Hva\u00f0 felst \u00ed erf\u00f0aranns\u00f3kn?<\/a><\/li>\n<li data-canvas-width=\"572.9134190687362\"><a href=\"http:\/\/www.eurogentest.org\/fileadmin\/templates\/eugt\/leaflets\/pdf\/icelandic\/FAQ.pdf\" target=\"_blank\" rel=\"noopener noreferrer\">Algengar spurningar um erf\u00f0aranns\u00f3knir<\/a><\/li>\n<\/ul>\n<hr \/>\n<p>In Dutch:<\/p>\n<ul>\n<li><a href=\"http:\/\/www.eurogentest.org\/fileadmin\/templates\/eugt\/leaflets\/pdf\/dutch_nl\/genetic_test.pdf\" target=\"_blank\" rel=\"noopener noreferrer\">Wat is een geneticsche test?<\/a><\/li>\n<li><a href=\"http:\/\/www.eurogentest.org\/fileadmin\/templates\/eugt\/leaflets\/pdf\/dutch_nl\/FAQ.pdf\" target=\"_blank\" rel=\"noopener noreferrer\">Veelgestelde vragen over genetische testen<\/a><\/li>\n<li><a href=\"http:\/\/www.eurogentest.org\/fileadmin\/templates\/eugt\/leaflets\/pdf\/dutch_nl\/genetic_test.pdf\" target=\"_blank\" rel=\"noopener noreferrer\">Afspraak bij de arts<\/a><\/li>\n<\/ul>\n<p><strong>Leaflets for patients with an unusual chromosomal disorder <\/strong><\/p>\n<p>The UNIQUE website has leaflets on hundreds of chromosome disorders in many languages.&nbsp;<\/p>\n<p>Please go to <a href=\"http:\/\/www.rarechromo.org\/html\/DisorderGuidesTranslations.asp\">http:\/\/www.rarechromo.org\/html\/DisorderGuidesTranslations.asp<\/a> for translations in Dutch.&nbsp;<\/p>\n<hr \/>\n<p>Italian:<\/p>\n<p><strong>Leaflets for patients with an unusual chromosomal disorder <\/strong><\/p>\n<p>The UNIQUE website has leaflets on hundreds of chromosome disorders in many languages.&nbsp;<\/p>\n<p>Please go to <a href=\"http:\/\/www.rarechromo.org\/html\/DisorderGuidesTranslations.asp\">http:\/\/www.rarechromo.org\/html\/DisorderGuidesTranslations.asp<\/a> for translations in Italian.<\/p>\n<hr \/>\n<p>These sheets and many more are available in other languages<a href=\"http:\/\/www.eurogentest.org\/index.php?id=226\" target=\"_blank\" rel=\"noopener noreferrer\"> here<\/a>.<\/p>\n","protected":false},"excerpt":{"rendered":"<p>In this section you will find a set of practical tools for use in you daily practice. Inheritance pattern Referring patients to the genetic services (UK) Genetic testing Family history Pregnancy related information Generic information Patient information sheets. In English: What is a genetic test? (Explains how and why a genetic test is done). Some information about your genetic appointment (suitable for patients you refer to the genetics services). Genetic testing in inherited cancer (explains presymptomatic testing for an inherited [&#8230;]<\/p>\n","protected":false},"author":3,"featured_media":0,"parent":0,"menu_order":64,"comment_status":"closed","ping_status":"closed","template":"template-fullwidth.php","meta":{"ngg_post_thumbnail":0},"_links":{"self":[{"href":"https:\/\/www.primarycaregenetics.org\/index.php?rest_route=\/wp\/v2\/pages\/463"}],"collection":[{"href":"https:\/\/www.primarycaregenetics.org\/index.php?rest_route=\/wp\/v2\/pages"}],"about":[{"href":"https:\/\/www.primarycaregenetics.org\/index.php?rest_route=\/wp\/v2\/types\/page"}],"author":[{"embeddable":true,"href":"https:\/\/www.primarycaregenetics.org\/index.php?rest_route=\/wp\/v2\/users\/3"}],"replies":[{"embeddable":true,"href":"https:\/\/www.primarycaregenetics.org\/index.php?rest_route=%2Fwp%2Fv2%2Fcomments&post=463"}],"version-history":[{"count":16,"href":"https:\/\/www.primarycaregenetics.org\/index.php?rest_route=\/wp\/v2\/pages\/463\/revisions"}],"predecessor-version":[{"id":1863,"href":"https:\/\/www.primarycaregenetics.org\/index.php?rest_route=\/wp\/v2\/pages\/463\/revisions\/1863"}],"wp:attachment":[{"href":"https:\/\/www.primarycaregenetics.org\/index.php?rest_route=%2Fwp%2Fv2%2Fmedia&parent=463"}],"curies":[{"name":"wp","href":"https:\/\/api.w.org\/{rel}","templated":true}]}}