{"id":712,"date":"2015-12-28T06:46:54","date_gmt":"2015-12-28T06:46:54","guid":{"rendered":"https:\/\/www.primarycaregenetics.org\/?page_id=712"},"modified":"2019-06-28T12:24:38","modified_gmt":"2019-06-28T12:24:38","slug":"velkomin","status":"publish","type":"page","link":"https:\/\/www.primarycaregenetics.org\/?page_id=712&lang=is","title":{"rendered":"Velkomin"},"content":{"rendered":"<div class=\"csRow\"><span style=\"font-size: 0.95em;\">\u00e1 vefs\u00ed\u00f0u Gen-Equip verkefnisins \u2013 sem sameinar menntun, grunnheilbrig\u00f0is\u00fej\u00f3nustu og erf\u00f0afr\u00e6\u00f0i. Markmi\u00f0 okkar er a\u00f0 veita fagf\u00f3lki \u00ed grunnheilbrig\u00f0is\u00fej\u00f3nustu t\u00e6kif\u00e6ri til a\u00f0 uppf\u00e6ra \u00feekkingu s\u00edna og kunn\u00e1ttu \u00ed erf\u00f0afr\u00e6\u00f0i. Langt\u00edma markmi\u00f0 \u00feessa verkefnis er a\u00f0 stu\u00f0la a\u00f0 framf\u00f6rum \u00ed um\u00f6nnun og \u00fej\u00f3nustu sj\u00faklinga me\u00f0 erf\u00f0avandam\u00e1l. Kennslan byggir \u00e1 raunverulegum tilfellum. <\/span><\/div>\n<div class=\"csRow\"><span style=\"font-size: 0.95em;\">\u00d6ll n\u00e1mskei\u00f0in eru \u00f3keypis. \u00deau hafa veri\u00f0 vottu\u00f0 af b\u00e6\u00f0i the Royal College of General Practitioners og the European Accreditation Network. <\/span><\/div>\n<div>&nbsp;<\/div>\n<div class=\"csRow\"><span style=\"font-size: 0.95em;\">\u00c1 s\u00ed\u00f0unni eru vefkynningar (webinars) um \u00fdmislegt sem kemur a\u00f0 erf\u00f0afr\u00e6\u00f0i \u00e1 <\/span><a style=\"font-size: 0.95em;\" href=\"..\/..\/..\/..\/..\/..\/..\/?page_id=685&amp;lang=en\">ensku<\/a><span style=\"font-size: 0.95em;\">, <\/span><a style=\"font-size: 0.95em;\" href=\"..\/..\/..\/..\/..\/..\/..\/?page_id=1080&amp;lang=nl\">hollensku<\/a><span style=\"font-size: 0.95em;\">,&nbsp;<\/span><a style=\"font-size: 0.95em;\" href=\"https:\/\/open.plymouth.ac.uk\/course\/view.php?id=32\">It\u00f6lsku,&nbsp;<\/a><a style=\"font-size: 0.95em;\" href=\"..\/..\/..\/..\/..\/..\/..\/?page_id=949&amp;lang=pt\">port\u00fag\u00f6lsku&nbsp;<\/a><span style=\"font-size: 0.95em;\">og&nbsp;<\/span><a style=\"font-size: 0.95em;\" href=\"..\/..\/..\/..\/..\/..\/..\/?page_id=780&amp;lang=is\">\u00edslensku<\/a><span style=\"font-size: 0.95em;\">. <\/span><\/div>\n<div>&nbsp;<\/div>\n<div class=\"csRow\"><strong style=\"font-size: 0.95em;\">Hver erum vi\u00f0? <\/strong><span style=\"font-size: 0.95em;\">Vi\u00f0 erum h\u00f3pur fagf\u00f3lks fr\u00e1 sex Evr\u00f3pul\u00f6ndum. Vi\u00f0 erum s\u00e9rfr\u00e6\u00f0ingar \u00ed heilbrig\u00f0isv\u00edsindum og h\u00f6fum \u00f6ll reynslu \u00ed erf\u00f0aheilbrig\u00f0is\u00fej\u00f3nustu. Til a\u00f0 vita meira um h\u00f3pinn, smelltu&nbsp;<\/span><a style=\"font-size: 0.95em;\" href=\"..\/..\/..\/..\/..\/..\/..\/?page_id=748&amp;lang=is\">h\u00e9r<\/a><span style=\"font-size: 0.95em;\">. <\/span><\/div>\n<div>&nbsp;<\/div>\n<div class=\"csRow\"><span style=\"font-size: 0.95em;\">G<\/span><strong style=\"font-size: 0.95em;\">EN-EQUIP fj\u00f6l\u00fej\u00f3\u00f0a vinnustofa<\/strong><strong style=\"font-size: 0.95em;\">Sharing Best Practice: Equipping European Primary Care Health Professionals to Deal with Genetics. <\/strong><span style=\"font-size: 0.95em;\">Gen-Equip vinnustofan var skipul\u00f6g\u00f0 til a\u00f0 f\u00e1 endurgj\u00f6f \u00e1 verkefni\u00f0 og l\u00edka til a\u00f0 kynna \u00fea\u00f0 betur. \u00deessi vinnustofa var haldin \u00ed London 5. ma\u00ed 2017. \u00de\u00e1tttakendur voru fr\u00e1 14 Evr\u00f3pul\u00f6ndum. &nbsp;<\/span><a style=\"font-size: 0.95em;\" href=\"..\/..\/..\/..\/..\/..\/uploads\/2017\/06\/GenEquip-Workshop-report.pdf\">h\u00e9r<\/a><span style=\"font-size: 0.95em;\"> er hlekkur \u00ed opinberu sk\u00fdrsluna.<\/span><\/div>\n<div>&nbsp;<\/div>\n<div class=\"csRow\"><span style=\"font-size: 0.95em;\">Vi\u00f0 vonum a\u00f0 \u00feessi s\u00ed\u00f0a komi \u00fe\u00e9r a\u00f0 gagni. Ef \u00fe\u00fa hefur \u00e1bendingar e\u00f0a till\u00f6gur um efni hennar, vinsamlega sendu p\u00f3st \u00e1 <a href=\"mailto:vigdisst@landspitali.is\">vigdisst@landspitali.is<\/a><\/span><\/div>\n<div class=\"csRow\">\n<div class=\"csColumn\" style=\"margin: 0px; padding: 0px; float: left; width: 47.7%;\" data-csstartpoint=\"15\" data-csendpoint=\"472.5\" data-cswidth=\"47.7%\" data-csid=\"5e515fc2-6efc-3d57-bbae-ded70afbee51\">\n<div class=\"csRow\">\n<div class=\"csColumn\" data-csstartpoint=\"0\" data-csendpoint=\"905\" data-cswidth=\"94.3%\" data-csid=\"7bef41c9-90a9-e166-b44c-ad6c89980606\">\n<div>&nbsp;<\/div>\n<div class=\"csRow\"><em style=\"font-size: 0.95em;\">Allt efni vefs\u00ed\u00f0unnar er \u00e1 \u00e1byrg\u00f0 h\u00f6funda.<br \/>\n<\/em><em style=\"font-size: 0.95em;\">European&nbsp; Commission and Ecorys UK eru ekki \u00e1byrg fyrir \u00feeim uppl\u00fdsingum sem h\u00e9r er a\u00f0 finna e\u00f0a notkun \u00feeirra.<\/em><\/div>\n<\/div>\n<\/div>\n<\/div>\n<div class=\"csColumnGap\" style=\"margin: 0px; padding: 0px; float: left; width: 1.56%;\"><img style=\"border: none;\" src=\"https:\/\/www.primarycaregenetics.org\/wp-content\/plugins\/advanced-wp-columns\/assets\/js\/plugins\/views\/img\/1x1-pixel.png\"\/><\/div>\n<div class=\"csColumn\" style=\"margin: 0px; padding: 0px; float: left; width: 47.7%;\" data-csstartpoint=\"487.5\" data-csendpoint=\"945\" data-cswidth=\"47.7%\" data-csid=\"a6e3b365-dbb8-219a-bc56-12319f9aa613\">\n<p>&nbsp;<\/p>\n<\/div>\n<p>&nbsp;<\/p>\n<div class=\"csColumn\" style=\"margin: 0px; padding: 0px; float: left; width: 47.7%;\" data-csstartpoint=\"487.5\" data-csendpoint=\"945\" data-cswidth=\"47.7%\" data-csid=\"a6e3b365-dbb8-219a-bc56-12319f9aa613\">\n<p>&nbsp;<\/p>\n<\/div>\n<div class=\"csColumnGap\" style=\"margin: 0px; padding: 0px; float: left; width: 1.56%;\"><img style=\"border: none;\" src=\"https:\/\/www.primarycaregenetics.org\/wp-content\/plugins\/advanced-wp-columns\/assets\/js\/plugins\/views\/img\/1x1-pixel.png\"\/><\/div>\n<\/div>\n","protected":false},"excerpt":{"rendered":"<p>\u00e1 vefs\u00ed\u00f0u Gen-Equip verkefnisins \u2013 sem sameinar menntun, grunnheilbrig\u00f0is\u00fej\u00f3nustu og erf\u00f0afr\u00e6\u00f0i. Markmi\u00f0 okkar er a\u00f0 veita fagf\u00f3lki \u00ed grunnheilbrig\u00f0is\u00fej\u00f3nustu t\u00e6kif\u00e6ri til a\u00f0 uppf\u00e6ra \u00feekkingu s\u00edna og kunn\u00e1ttu \u00ed erf\u00f0afr\u00e6\u00f0i. Langt\u00edma markmi\u00f0 \u00feessa verkefnis er a\u00f0 stu\u00f0la a\u00f0 framf\u00f6rum \u00ed um\u00f6nnun og \u00fej\u00f3nustu sj\u00faklinga me\u00f0 erf\u00f0avandam\u00e1l. Kennslan byggir \u00e1 raunverulegum tilfellum. \u00d6ll n\u00e1mskei\u00f0in eru \u00f3keypis. \u00deau hafa veri\u00f0 vottu\u00f0 af b\u00e6\u00f0i the Royal College of General Practitioners og the European Accreditation Network. &nbsp; \u00c1 s\u00ed\u00f0unni eru vefkynningar (webinars) um \u00fdmislegt sem [&#8230;]<\/p>\n","protected":false},"author":3,"featured_media":0,"parent":0,"menu_order":12,"comment_status":"closed","ping_status":"closed","template":"","meta":{"ngg_post_thumbnail":0},"_links":{"self":[{"href":"https:\/\/www.primarycaregenetics.org\/index.php?rest_route=\/wp\/v2\/pages\/712"}],"collection":[{"href":"https:\/\/www.primarycaregenetics.org\/index.php?rest_route=\/wp\/v2\/pages"}],"about":[{"href":"https:\/\/www.primarycaregenetics.org\/index.php?rest_route=\/wp\/v2\/types\/page"}],"author":[{"embeddable":true,"href":"https:\/\/www.primarycaregenetics.org\/index.php?rest_route=\/wp\/v2\/users\/3"}],"replies":[{"embeddable":true,"href":"https:\/\/www.primarycaregenetics.org\/index.php?rest_route=%2Fwp%2Fv2%2Fcomments&post=712"}],"version-history":[{"count":28,"href":"https:\/\/www.primarycaregenetics.org\/index.php?rest_route=\/wp\/v2\/pages\/712\/revisions"}],"predecessor-version":[{"id":2872,"href":"https:\/\/www.primarycaregenetics.org\/index.php?rest_route=\/wp\/v2\/pages\/712\/revisions\/2872"}],"wp:attachment":[{"href":"https:\/\/www.primarycaregenetics.org\/index.php?rest_route=%2Fwp%2Fv2%2Fmedia&parent=712"}],"curies":[{"name":"wp","href":"https:\/\/api.w.org\/{rel}","templated":true}]}}