{"id":782,"date":"2016-01-11T14:44:38","date_gmt":"2016-01-11T14:44:38","guid":{"rendered":"https:\/\/www.primarycaregenetics.org\/?page_id=782"},"modified":"2017-09-17T19:35:27","modified_gmt":"2017-09-17T19:35:27","slug":"um-namskeidin","status":"publish","type":"page","link":"https:\/\/www.primarycaregenetics.org\/?page_id=782&lang=is","title":{"rendered":"Um n\u00e1mskei\u00f0in"},"content":{"rendered":"<p>Hverjum henta n\u00e1mskei\u00f0in?<br \/>\nVi\u00f0 mi\u00f0um vi\u00f0 \u00fearfir fagf\u00f3lks \u00ed <a href=\"http:\/\/www.euprimarycare.org\" target=\"_blank\" rel=\"noopener\">grunnheilbrig\u00f0is\u00fej\u00f3nustu<\/a>, heimilisl\u00e6kna, barnal\u00e6kna, lj\u00f3\u00f0sm\u00e6\u00f0ra og hj\u00fakrunarfr\u00e6\u00f0inga. Hins vegar er hverjum sem er heimilit a\u00f0 nota \u00fea\u00f0 kennsluefni sem \u00e1 s\u00ed\u00f0unni er &#8211; vinsamlega setja geta heimilda ef v\u00edsa\u00f0 er \u00ed \u00fea\u00f0 fr\u00e1 \u00f6\u00f0rum vefs\u00ed\u00f0um.<\/p>\n<p>N\u00e1mskei\u00f0in&nbsp;eru bygg\u00f0 \u00e1 tilfellum sem algengt er a\u00f0 sj\u00e1 \u00ed grunn\u00fej\u00f3nustu. \u00deau&nbsp;samanstanda af 8-12 einingum sem taka um 20-30 m\u00edn og eru bygg\u00f0 \u00e1 <a href=\"https:\/\/www.primarycaregenetics.org\/?page_id=2098&amp;lang=is\">n\u00e1msefni GenEquip<\/a>. Eftir a\u00f0 hafa svara\u00f0&nbsp;spurningunum \u00ed lok hverrar einingar, getur \u00fe\u00e1tttakandi sent p\u00f3stfang sitt til stj\u00f3rnanda sem mun senda vi\u00f0urkenningarskjal um a\u00f0 vi\u00f0komandi hafi loki\u00f0 n\u00e1mskei\u00f0inu.&nbsp;<\/p>\n","protected":false},"excerpt":{"rendered":"<p>Hverjum henta n\u00e1mskei\u00f0in? Vi\u00f0 mi\u00f0um vi\u00f0 \u00fearfir fagf\u00f3lks \u00ed grunnheilbrig\u00f0is\u00fej\u00f3nustu, heimilisl\u00e6kna, barnal\u00e6kna, lj\u00f3\u00f0sm\u00e6\u00f0ra og hj\u00fakrunarfr\u00e6\u00f0inga. Hins vegar er hverjum sem er heimilit a\u00f0 nota \u00fea\u00f0 kennsluefni sem \u00e1 s\u00ed\u00f0unni er &#8211; vinsamlega setja geta heimilda ef v\u00edsa\u00f0 er \u00ed \u00fea\u00f0 fr\u00e1 \u00f6\u00f0rum vefs\u00ed\u00f0um. N\u00e1mskei\u00f0in&nbsp;eru bygg\u00f0 \u00e1 tilfellum sem algengt er a\u00f0 sj\u00e1 \u00ed grunn\u00fej\u00f3nustu. \u00deau&nbsp;samanstanda af 8-12 einingum sem taka um 20-30 m\u00edn og eru bygg\u00f0 \u00e1 n\u00e1msefni GenEquip. Eftir a\u00f0 hafa svara\u00f0&nbsp;spurningunum \u00ed lok hverrar einingar, getur \u00fe\u00e1tttakandi sent [&#8230;]<\/p>\n","protected":false},"author":3,"featured_media":0,"parent":780,"menu_order":27,"comment_status":"closed","ping_status":"closed","template":"template-fullwidth.php","meta":{"ngg_post_thumbnail":0},"_links":{"self":[{"href":"https:\/\/www.primarycaregenetics.org\/index.php?rest_route=\/wp\/v2\/pages\/782"}],"collection":[{"href":"https:\/\/www.primarycaregenetics.org\/index.php?rest_route=\/wp\/v2\/pages"}],"about":[{"href":"https:\/\/www.primarycaregenetics.org\/index.php?rest_route=\/wp\/v2\/types\/page"}],"author":[{"embeddable":true,"href":"https:\/\/www.primarycaregenetics.org\/index.php?rest_route=\/wp\/v2\/users\/3"}],"replies":[{"embeddable":true,"href":"https:\/\/www.primarycaregenetics.org\/index.php?rest_route=%2Fwp%2Fv2%2Fcomments&post=782"}],"version-history":[{"count":5,"href":"https:\/\/www.primarycaregenetics.org\/index.php?rest_route=\/wp\/v2\/pages\/782\/revisions"}],"predecessor-version":[{"id":2313,"href":"https:\/\/www.primarycaregenetics.org\/index.php?rest_route=\/wp\/v2\/pages\/782\/revisions\/2313"}],"up":[{"embeddable":true,"href":"https:\/\/www.primarycaregenetics.org\/index.php?rest_route=\/wp\/v2\/pages\/780"}],"wp:attachment":[{"href":"https:\/\/www.primarycaregenetics.org\/index.php?rest_route=%2Fwp%2Fv2%2Fmedia&parent=782"}],"curies":[{"name":"wp","href":"https:\/\/api.w.org\/{rel}","templated":true}]}}