{"id":792,"date":"2016-01-11T14:39:13","date_gmt":"2016-01-11T14:39:13","guid":{"rendered":"https:\/\/www.primarycaregenetics.org\/?page_id=792"},"modified":"2019-06-28T12:15:35","modified_gmt":"2019-06-28T12:15:35","slug":"praktisk-taeki","status":"publish","type":"page","link":"https:\/\/www.primarycaregenetics.org\/?page_id=792&lang=is","title":{"rendered":"Erf\u00f0auppl\u00fdsingar &#8211; b\u00e6klingar"},"content":{"rendered":"<p class=\"page-title\"><span style=\"font-size: 0.95em;\">Uppl\u00fdsingab\u00e6klingar<\/span><\/p>\n<div class=\"entry clearfix\">\n<div class=\"\" data-canvas-width=\"572.9134190687362\">\u00c1 \u00edslensku<\/div>\n<ul>\n<li data-canvas-width=\"572.9134190687362\"><a href=\"http:\/\/www.eurogentest.org\/fileadmin\/templates\/eugt\/leaflets\/pdf\/icelandic\/some_info.pdf\" target=\"_blank\" rel=\"noopener noreferrer\">Uppl\u00fdsingar um erf\u00f0ar\u00e1\u00f0gj\u00f6f<\/a><\/li>\n<li data-canvas-width=\"572.9134190687362\"><a href=\"http:\/\/www.eurogentest.org\/fileadmin\/templates\/eugt\/leaflets\/pdf\/icelandic\/genetic_test.pdf\" target=\"_blank\" rel=\"noopener noreferrer\">Hva\u00f0 felst \u00ed erf\u00f0aranns\u00f3kn?<\/a><\/li>\n<li data-canvas-width=\"572.9134190687362\"><a href=\"http:\/\/www.eurogentest.org\/fileadmin\/templates\/eugt\/leaflets\/pdf\/icelandic\/FAQ.pdf\" target=\"_blank\" rel=\"noopener noreferrer\">Algengar spurningar um erf\u00f0aranns\u00f3knir<\/a><\/li>\n<li data-canvas-width=\"572.9134190687362\"><a href=\"http:\/\/www.eurogentest.org\/fileadmin\/templates\/eugt\/leaflets\/pdf\/icelandic\/amniocentesis.pdf\">Legvatns\u00e1stunga<\/a><\/li>\n<li data-canvas-width=\"572.9134190687362\"><a href=\"http:\/\/www.eurogentest.org\/fileadmin\/templates\/eugt\/leaflets\/pdf\/icelandic\/chromosome_translocations.pdf\">Yfirf\u00e6rsla litninga<\/a><\/li>\n<li data-canvas-width=\"572.9134190687362\"><a href=\"http:\/\/www.eurogentest.org\/fileadmin\/templates\/eugt\/leaflets\/pdf\/icelandic\/chromosome_changes.pdf\">Litningagallar<\/a><\/li>\n<li data-canvas-width=\"572.9134190687362\"><a href=\"http:\/\/www.eurogentest.org\/fileadmin\/templates\/eugt\/leaflets\/pdf\/icelandic\/chromosome_changes.pdf\">Fylgjus\u00fdnataka<\/a><\/li>\n<li data-canvas-width=\"572.9134190687362\"><a href=\"http:\/\/www.eurogentest.org\/fileadmin\/templates\/eugt\/leaflets\/pdf\/icelandic\/Dominant_Inheritance.pdf\">R\u00edkjandi erf\u00f0ir<\/a><\/li>\n<li data-canvas-width=\"572.9134190687362\"><a href=\"http:\/\/www.eurogentest.org\/fileadmin\/templates\/eugt\/leaflets\/pdf\/icelandic\/Dominant_Inheritance.pdf\">Or\u00f0asafn<\/a><\/li>\n<li data-canvas-width=\"572.9134190687362\"><a href=\"http:\/\/www.eurogentest.org\/fileadmin\/templates\/eugt\/leaflets\/pdf\/icelandic\/recessive_inheritance.pdf\">V\u00edkjandi erf\u00f0ir<\/a><\/li>\n<li data-canvas-width=\"572.9134190687362\"><a href=\"http:\/\/www.eurogentest.org\/fileadmin\/templates\/eugt\/leaflets\/pdf\/icelandic\/x-linked.pdf\">Kynbundnar erf\u00f0ir<\/a><\/li>\n<\/ul>\n<p>\u00c1 ensku<\/p>\n<ul>\n<li><a href=\"http:\/\/www.eurogentest.org\/fileadmin\/templates\/eugt\/leaflets\/pdf\/english\/genetic_test.pdf\" target=\"_blank\" rel=\"noopener noreferrer\">What is a genetic test?<\/a>&nbsp;(Explains how and why a genetic test is done).<\/li>\n<li><a href=\"http:\/\/www.eurogentest.org\/fileadmin\/templates\/eugt\/leaflets\/pdf\/english\/some_info.pdf\" target=\"_blank\" rel=\"noopener noreferrer\">Some information about your genetic appointment<\/a>&nbsp;(suitable for patients you refer to the genetics services).<\/li>\n<li><a href=\"http:\/\/www.eurogentest.org\/fileadmin\/templates\/eugt\/leaflets\/pdf\/english\/cancer.pdf\" target=\"_blank\" rel=\"noopener noreferrer\">Genetic testing in inherited cancer<\/a>&nbsp;(explains presymptomatic testing for an inherited cancer syndrome).<\/li>\n<li><a href=\"http:\/\/www.eurogentest.org\/fileadmin\/templates\/eugt\/leaflets\/pdf\/english\/FAQ.pdf\" target=\"_blank\" rel=\"noopener noreferrer\">Frequently asked questions on genetic testing<\/a><\/li>\n<li>A patients guide to next-generation sequencing.<\/li>\n<\/ul>\n<p>In&nbsp;<a href=\"http:\/\/www.eurogentest.org\/index.php?id=236\" target=\"_blank\" rel=\"noopener noreferrer\">Italian<\/a><\/p>\n<p>In Czech:<\/p>\n<ul>\n<li><a href=\"http:\/\/www.eurogentest.org\/fileadmin\/templates\/eugt\/leaflets\/pdf\/czech\/genetic_test.pdf\" target=\"_blank\" rel=\"noopener noreferrer\">Co to je genetick\u00fd test?<\/a><\/li>\n<li><a href=\"http:\/\/www.eurogentest.org\/fileadmin\/templates\/eugt\/leaflets\/pdf\/czech\/some_info.pdf\" target=\"_blank\" rel=\"noopener noreferrer\">N\u00e9kolik informac\u00ed o genetick\u00e9 konsultaci&nbsp;<\/a><\/li>\n<li><a href=\"http:\/\/www.eurogentest.org\/fileadmin\/templates\/eugt\/leaflets\/pdf\/czech\/cancer.pdf\" target=\"_blank\" rel=\"noopener noreferrer\">N\u00e1dorov\u00e9 prediktivn\u00ed testov\u00e1n\u00ed<\/a><\/li>\n<li><a href=\"http:\/\/www.eurogentest.org\/fileadmin\/templates\/eugt\/leaflets\/pdf\/czech\/FAQ.pdf\" target=\"_blank\" rel=\"noopener noreferrer\">Casto kladen\u00e9 ot\u00e1zky o genetick\u00e9m testov\u00e1n\u00ed<\/a><\/li>\n<\/ul>\n<p>In Portuguese:<\/p>\n<ul>\n<li id=\"yui_3_16_0_1_1436177916571_497371\" data-canvas-width=\"415.8983777464221\"><a href=\"http:\/\/www.eurogentest.org\/fileadmin\/templates\/eugt\/leaflets\/pdf\/portuguese\/cancer_revised.pdf\" target=\"_blank\" rel=\"noopener noreferrer\">Teste Preditivo para&nbsp;Cancros Heredit\u00e1rios<\/a><\/li>\n<li data-canvas-width=\"415.8983777464221\">\n<div id=\"yui_3_16_0_1_1436177916571_496412\" class=\"\" data-canvas-width=\"572.9134190687362\"><a href=\"http:\/\/www.eurogentest.org\/fileadmin\/templates\/eugt\/leaflets\/pdf\/portuguese\/some_info.pdf\" target=\"_blank\" rel=\"noopener noreferrer\">Alguma informa\u00e7\u00e3o sobre a&nbsp;sua consulta de gen\u00e9tica<\/a><\/div>\n<\/li>\n<li data-canvas-width=\"415.8983777464221\">\n<div id=\"yui_3_16_0_1_1436177916571_496412\" class=\"\" data-canvas-width=\"572.9134190687362\"><a href=\"http:\/\/www.eurogentest.org\/fileadmin\/templates\/eugt\/leaflets\/pdf\/portuguese\/predictive_testing.pdf\" target=\"_blank\" rel=\"noopener noreferrer\">O que \u00e9 um teste gen\u00e9tico?<\/a><\/div>\n<\/li>\n<\/ul>\n<ul>\n<li data-canvas-width=\"572.9134190687362\">&nbsp;<\/li>\n<\/ul>\n<p>In Dutch:<\/p>\n<ul>\n<li><a href=\"http:\/\/www.eurogentest.org\/fileadmin\/templates\/eugt\/leaflets\/pdf\/dutch_nl\/genetic_test.pdf\" target=\"_blank\" rel=\"noopener noreferrer\">Wat is een geneticsche test?<\/a><\/li>\n<li><a href=\"http:\/\/www.eurogentest.org\/fileadmin\/templates\/eugt\/leaflets\/pdf\/dutch_nl\/FAQ.pdf\" target=\"_blank\" rel=\"noopener noreferrer\">Veelgestelde vragen over genetische testen<\/a><\/li>\n<li><a href=\"http:\/\/www.eurogentest.org\/fileadmin\/templates\/eugt\/leaflets\/pdf\/dutch_nl\/genetic_test.pdf\" target=\"_blank\" rel=\"noopener noreferrer\">Afspraak bij de arts<\/a><\/li>\n<\/ul>\n<p>These sheets and many more are available in other languages<a href=\"http:\/\/www.eurogentest.org\/index.php?id=226\" target=\"_blank\" rel=\"noopener noreferrer\">&nbsp;here<\/a>.<\/p>\n<\/div>\n","protected":false},"excerpt":{"rendered":"<p>Uppl\u00fdsingab\u00e6klingar \u00c1 \u00edslensku Uppl\u00fdsingar um erf\u00f0ar\u00e1\u00f0gj\u00f6f Hva\u00f0 felst \u00ed erf\u00f0aranns\u00f3kn? Algengar spurningar um erf\u00f0aranns\u00f3knir Legvatns\u00e1stunga Yfirf\u00e6rsla litninga Litningagallar Fylgjus\u00fdnataka R\u00edkjandi erf\u00f0ir Or\u00f0asafn V\u00edkjandi erf\u00f0ir Kynbundnar erf\u00f0ir \u00c1 ensku What is a genetic test?&nbsp;(Explains how and why a genetic test is done). Some information about your genetic appointment&nbsp;(suitable for patients you refer to the genetics services). Genetic testing in inherited cancer&nbsp;(explains presymptomatic testing for an inherited cancer syndrome). Frequently asked questions on genetic testing A patients guide to next-generation sequencing. In&nbsp;Italian [&#8230;]<\/p>\n","protected":false},"author":3,"featured_media":0,"parent":0,"menu_order":31,"comment_status":"closed","ping_status":"closed","template":"template-fullwidth.php","meta":{"ngg_post_thumbnail":0},"_links":{"self":[{"href":"https:\/\/www.primarycaregenetics.org\/index.php?rest_route=\/wp\/v2\/pages\/792"}],"collection":[{"href":"https:\/\/www.primarycaregenetics.org\/index.php?rest_route=\/wp\/v2\/pages"}],"about":[{"href":"https:\/\/www.primarycaregenetics.org\/index.php?rest_route=\/wp\/v2\/types\/page"}],"author":[{"embeddable":true,"href":"https:\/\/www.primarycaregenetics.org\/index.php?rest_route=\/wp\/v2\/users\/3"}],"replies":[{"embeddable":true,"href":"https:\/\/www.primarycaregenetics.org\/index.php?rest_route=%2Fwp%2Fv2%2Fcomments&post=792"}],"version-history":[{"count":7,"href":"https:\/\/www.primarycaregenetics.org\/index.php?rest_route=\/wp\/v2\/pages\/792\/revisions"}],"predecessor-version":[{"id":2868,"href":"https:\/\/www.primarycaregenetics.org\/index.php?rest_route=\/wp\/v2\/pages\/792\/revisions\/2868"}],"wp:attachment":[{"href":"https:\/\/www.primarycaregenetics.org\/index.php?rest_route=%2Fwp%2Fv2%2Fmedia&parent=792"}],"curies":[{"name":"wp","href":"https:\/\/api.w.org\/{rel}","templated":true}]}}