{"id":949,"date":"2016-03-14T19:26:07","date_gmt":"2016-03-14T19:26:07","guid":{"rendered":"https:\/\/www.primarycaregenetics.org\/?page_id=949"},"modified":"2016-03-14T19:26:07","modified_gmt":"2016-03-14T19:26:07","slug":"seminarios-on-line-webinars","status":"publish","type":"page","link":"https:\/\/www.primarycaregenetics.org\/?page_id=949&lang=pt","title":{"rendered":"Semin\u00e1rios on-line (Webinars)"},"content":{"rendered":"<p><strong>Semin\u00e1rios on-line sobre a gen\u00e9tica para os profissionais de cuidados de sa\u00fade prim\u00e1rios: cl\u00ednicos gerais, m\u00e9dicos de fam\u00edlia, enfermeiros, cuidadores. <\/strong><\/p>\n<p>Como parte do projeto educacional Gen- Equip, est\u00e3o a ser disponibilizados uma s\u00e9rie de semin\u00e1rios on-line especificamente dirigidos aos profissionais de sa\u00fade da aten\u00e7\u00e3o prim\u00e1ria.<\/p>\n<p>Estas sess\u00f5es esta\u00e3o focadas em quest\u00f5es pr\u00e1ticas e aspectos cl\u00ednicos para ajud\u00e1-lo a apoiar os seus pacientes:<\/p>\n<ul>\n<li>Recolha adequada da hist\u00f3ria familiar para detectar poss\u00edveis doen\u00e7as gen\u00e9ticas;<\/li>\n<li>Registo da hist\u00f3ria familiar mediante a \u00e1rvore geneal\u00f3gica;<\/li>\n<li>Compreender os padr\u00f5es de hereditariedade comuns nas doen\u00e7as gen\u00e9ticas;<\/li>\n<li>Compreender testes pr\u00e9-natais para os transtornos gen\u00e9ticos<\/li>\n<li>Compreender os resultados de um teste gen\u00e9tico<\/li>\n<li>Quando e como referenciar um paciente para os servi\u00e7os de gen\u00e9tica.<\/li>\n<\/ul>\n<p>&nbsp;<\/p>\n<table>\n<tbody>\n<tr>\n<td width=\"326\">1.\u00a0\u00a0\u00a0\u00a0 Recolha adequada de uma hist\u00f3ria familiar para detectar poss\u00edveis doen\u00e7as gen\u00e9ticas<\/p>\n<p>Gen-Equip semin\u00e1rio online 1<\/p>\n<p>Dispon\u00edvel em:<\/p>\n<p><a href=\"https:\/\/global.gotomeeting.com\/join\/824748909\" target=\"_blank\">https:\/\/global.gotomeeting.com\/join\/824748909\u00a0<\/a><\/td>\n<\/tr>\n<tr>\n<td width=\"326\">2.\u00a0\u00a0\u00a0\u00a0 Registo da hist\u00f3ria familiar mediante a \u00e1rvore geneal\u00f3gica<\/p>\n<p>Gen-Equi semin\u00e1rio online 2<\/p>\n<p>Dispon\u00edvel em:<\/p>\n<p><a href=\"https:\/\/global.gotomeeting.com\/join\/964457085\" target=\"_blank\">https:\/\/global.gotomeeting.com\/join\/964457085\u00a0<\/a><\/p>\n<p>&nbsp;<\/td>\n<\/tr>\n<\/tbody>\n<\/table>\n","protected":false},"excerpt":{"rendered":"<p>Semin\u00e1rios on-line sobre a gen\u00e9tica para os profissionais de cuidados de sa\u00fade prim\u00e1rios: cl\u00ednicos gerais, m\u00e9dicos de fam\u00edlia, enfermeiros, cuidadores. Como parte do projeto educacional Gen- Equip, est\u00e3o a ser disponibilizados uma s\u00e9rie de semin\u00e1rios on-line especificamente dirigidos aos profissionais de sa\u00fade da aten\u00e7\u00e3o prim\u00e1ria. Estas sess\u00f5es esta\u00e3o focadas em quest\u00f5es pr\u00e1ticas e aspectos cl\u00ednicos para ajud\u00e1-lo a apoiar os seus pacientes: Recolha adequada da hist\u00f3ria familiar para detectar poss\u00edveis doen\u00e7as gen\u00e9ticas; Registo da hist\u00f3ria familiar mediante a \u00e1rvore geneal\u00f3gica; [&#8230;]<\/p>\n","protected":false},"author":3,"featured_media":0,"parent":0,"menu_order":0,"comment_status":"closed","ping_status":"closed","template":"template-fullwidth.php","meta":{"ngg_post_thumbnail":0},"_links":{"self":[{"href":"https:\/\/www.primarycaregenetics.org\/index.php?rest_route=\/wp\/v2\/pages\/949"}],"collection":[{"href":"https:\/\/www.primarycaregenetics.org\/index.php?rest_route=\/wp\/v2\/pages"}],"about":[{"href":"https:\/\/www.primarycaregenetics.org\/index.php?rest_route=\/wp\/v2\/types\/page"}],"author":[{"embeddable":true,"href":"https:\/\/www.primarycaregenetics.org\/index.php?rest_route=\/wp\/v2\/users\/3"}],"replies":[{"embeddable":true,"href":"https:\/\/www.primarycaregenetics.org\/index.php?rest_route=%2Fwp%2Fv2%2Fcomments&post=949"}],"version-history":[{"count":1,"href":"https:\/\/www.primarycaregenetics.org\/index.php?rest_route=\/wp\/v2\/pages\/949\/revisions"}],"predecessor-version":[{"id":951,"href":"https:\/\/www.primarycaregenetics.org\/index.php?rest_route=\/wp\/v2\/pages\/949\/revisions\/951"}],"wp:attachment":[{"href":"https:\/\/www.primarycaregenetics.org\/index.php?rest_route=%2Fwp%2Fv2%2Fmedia&parent=949"}],"curies":[{"name":"wp","href":"https:\/\/api.w.org\/{rel}","templated":true}]}}