{"id":972,"date":"2016-03-14T19:43:46","date_gmt":"2016-03-14T19:43:46","guid":{"rendered":"https:\/\/www.primarycaregenetics.org\/?page_id=972"},"modified":"2016-03-14T19:43:46","modified_gmt":"2016-03-14T19:43:46","slug":"modos-de-hereditariedade","status":"publish","type":"page","link":"https:\/\/www.primarycaregenetics.org\/?page_id=972&lang=pt","title":{"rendered":"Modos de hereditariedade"},"content":{"rendered":"<p>Informa\u00e7\u00e3o acerca dos modos de hereditariedade, tamb\u00e9m adequada para pacientes<\/p>\n<p>Hereditariedade dominante: <a href=\"http:\/\/www.eurogentest.org\/index.php?id=464\">http:\/\/www.eurogentest.org\/index.php?id=464<\/a><\/p>\n<p>Hereditariedade recessiva:<\/p>\n<p><a href=\"http:\/\/www.eurogentest.org\/index.php?id=469\">http:\/\/www.eurogentest.org\/index.php?id=469<\/a><\/p>\n<p>Hereditariedade ligada ao X<\/p>\n<p><a href=\"http:\/\/www.eurogentest.org\/index.php?id=473\">http:\/\/www.eurogentest.org\/index.php?id=473<\/a><\/p>\n","protected":false},"excerpt":{"rendered":"<p>Informa\u00e7\u00e3o acerca dos modos de hereditariedade, tamb\u00e9m adequada para pacientes Hereditariedade dominante: http:\/\/www.eurogentest.org\/index.php?id=464 Hereditariedade recessiva: http:\/\/www.eurogentest.org\/index.php?id=469 Hereditariedade ligada ao X http:\/\/www.eurogentest.org\/index.php?id=473<\/p>\n","protected":false},"author":3,"featured_media":0,"parent":967,"menu_order":0,"comment_status":"closed","ping_status":"closed","template":"template-fullwidth.php","meta":{"ngg_post_thumbnail":0},"_links":{"self":[{"href":"https:\/\/www.primarycaregenetics.org\/index.php?rest_route=\/wp\/v2\/pages\/972"}],"collection":[{"href":"https:\/\/www.primarycaregenetics.org\/index.php?rest_route=\/wp\/v2\/pages"}],"about":[{"href":"https:\/\/www.primarycaregenetics.org\/index.php?rest_route=\/wp\/v2\/types\/page"}],"author":[{"embeddable":true,"href":"https:\/\/www.primarycaregenetics.org\/index.php?rest_route=\/wp\/v2\/users\/3"}],"replies":[{"embeddable":true,"href":"https:\/\/www.primarycaregenetics.org\/index.php?rest_route=%2Fwp%2Fv2%2Fcomments&post=972"}],"version-history":[{"count":1,"href":"https:\/\/www.primarycaregenetics.org\/index.php?rest_route=\/wp\/v2\/pages\/972\/revisions"}],"predecessor-version":[{"id":973,"href":"https:\/\/www.primarycaregenetics.org\/index.php?rest_route=\/wp\/v2\/pages\/972\/revisions\/973"}],"up":[{"embeddable":true,"href":"https:\/\/www.primarycaregenetics.org\/index.php?rest_route=\/wp\/v2\/pages\/967"}],"wp:attachment":[{"href":"https:\/\/www.primarycaregenetics.org\/index.php?rest_route=%2Fwp%2Fv2%2Fmedia&parent=972"}],"curies":[{"name":"wp","href":"https:\/\/api.w.org\/{rel}","templated":true}]}}