{"id":980,"date":"2016-03-14T19:46:30","date_gmt":"2016-03-14T19:46:30","guid":{"rendered":"https:\/\/www.primarycaregenetics.org\/?page_id=980"},"modified":"2016-03-14T19:46:30","modified_gmt":"2016-03-14T19:46:30","slug":"informacoes-relacionadas-com-a-gravidez-uso-de-medicamentos-na-gravidez","status":"publish","type":"page","link":"https:\/\/www.primarycaregenetics.org\/?page_id=980&lang=pt","title":{"rendered":"Informa\u00e7\u00f5es relacionadas com a gravidez Uso de medicamentos na gravidez."},"content":{"rendered":"<p><strong>SIMeG &#8211; Servi\u00e7o de Informa\u00e7\u00e3o sobre Medicamentos e Gravidez <\/strong><\/p>\n<p><a href=\"http:\/\/www.dgs.pt\/ficheiros-de-upload-1\/cartao-simeg-pdf.aspx\"><strong>http:\/\/www.dgs.pt\/ficheiros-de-upload-1\/cartao-simeg-pdf.aspx<\/strong><\/a><\/p>\n","protected":false},"excerpt":{"rendered":"<p>SIMeG &#8211; Servi\u00e7o de Informa\u00e7\u00e3o sobre Medicamentos e Gravidez http:\/\/www.dgs.pt\/ficheiros-de-upload-1\/cartao-simeg-pdf.aspx<\/p>\n","protected":false},"author":3,"featured_media":0,"parent":967,"menu_order":0,"comment_status":"closed","ping_status":"closed","template":"template-fullwidth.php","meta":{"ngg_post_thumbnail":0},"_links":{"self":[{"href":"https:\/\/www.primarycaregenetics.org\/index.php?rest_route=\/wp\/v2\/pages\/980"}],"collection":[{"href":"https:\/\/www.primarycaregenetics.org\/index.php?rest_route=\/wp\/v2\/pages"}],"about":[{"href":"https:\/\/www.primarycaregenetics.org\/index.php?rest_route=\/wp\/v2\/types\/page"}],"author":[{"embeddable":true,"href":"https:\/\/www.primarycaregenetics.org\/index.php?rest_route=\/wp\/v2\/users\/3"}],"replies":[{"embeddable":true,"href":"https:\/\/www.primarycaregenetics.org\/index.php?rest_route=%2Fwp%2Fv2%2Fcomments&post=980"}],"version-history":[{"count":1,"href":"https:\/\/www.primarycaregenetics.org\/index.php?rest_route=\/wp\/v2\/pages\/980\/revisions"}],"predecessor-version":[{"id":981,"href":"https:\/\/www.primarycaregenetics.org\/index.php?rest_route=\/wp\/v2\/pages\/980\/revisions\/981"}],"up":[{"embeddable":true,"href":"https:\/\/www.primarycaregenetics.org\/index.php?rest_route=\/wp\/v2\/pages\/967"}],"wp:attachment":[{"href":"https:\/\/www.primarycaregenetics.org\/index.php?rest_route=%2Fwp%2Fv2%2Fmedia&parent=980"}],"curies":[{"name":"wp","href":"https:\/\/api.w.org\/{rel}","templated":true}]}}