{"id":984,"date":"2016-03-14T19:47:41","date_gmt":"2016-03-14T19:47:41","guid":{"rendered":"https:\/\/www.primarycaregenetics.org\/?page_id=984"},"modified":"2016-03-14T19:47:41","modified_gmt":"2016-03-14T19:47:41","slug":"temas-centrais-da-genetica","status":"publish","type":"page","link":"https:\/\/www.primarycaregenetics.org\/?page_id=984&lang=pt","title":{"rendered":"Temas centrais da gen\u00e9tica"},"content":{"rendered":"<p>Nesta se\u00e7\u00e3o ir\u00e1 encontrar materiais de aprendizagem para ajud\u00e1-lo a desenvolver compet\u00eancias e compreender temas centrais da gen\u00e9tica nos cuidados prim\u00e1rios de sa\u00fade.<\/p>\n<ul>\n<li>Inqu\u00e9rito e registo de uma hist\u00f3ria familiar;<\/li>\n<li>Compreender os modos b\u00e1sicos de hereditariedade;<\/li>\n<li>Referenciar o seu paciente para servi\u00e7os de gen\u00e9tica.<\/li>\n<\/ul>\n","protected":false},"excerpt":{"rendered":"<p>Nesta se\u00e7\u00e3o ir\u00e1 encontrar materiais de aprendizagem para ajud\u00e1-lo a desenvolver compet\u00eancias e compreender temas centrais da gen\u00e9tica nos cuidados prim\u00e1rios de sa\u00fade. Inqu\u00e9rito e registo de uma hist\u00f3ria familiar; Compreender os modos b\u00e1sicos de hereditariedade; Referenciar o seu paciente para servi\u00e7os de gen\u00e9tica.<\/p>\n","protected":false},"author":3,"featured_media":0,"parent":0,"menu_order":0,"comment_status":"closed","ping_status":"closed","template":"template-fullwidth.php","meta":{"ngg_post_thumbnail":0},"_links":{"self":[{"href":"https:\/\/www.primarycaregenetics.org\/index.php?rest_route=\/wp\/v2\/pages\/984"}],"collection":[{"href":"https:\/\/www.primarycaregenetics.org\/index.php?rest_route=\/wp\/v2\/pages"}],"about":[{"href":"https:\/\/www.primarycaregenetics.org\/index.php?rest_route=\/wp\/v2\/types\/page"}],"author":[{"embeddable":true,"href":"https:\/\/www.primarycaregenetics.org\/index.php?rest_route=\/wp\/v2\/users\/3"}],"replies":[{"embeddable":true,"href":"https:\/\/www.primarycaregenetics.org\/index.php?rest_route=%2Fwp%2Fv2%2Fcomments&post=984"}],"version-history":[{"count":1,"href":"https:\/\/www.primarycaregenetics.org\/index.php?rest_route=\/wp\/v2\/pages\/984\/revisions"}],"predecessor-version":[{"id":986,"href":"https:\/\/www.primarycaregenetics.org\/index.php?rest_route=\/wp\/v2\/pages\/984\/revisions\/986"}],"wp:attachment":[{"href":"https:\/\/www.primarycaregenetics.org\/index.php?rest_route=%2Fwp%2Fv2%2Fmedia&parent=984"}],"curies":[{"name":"wp","href":"https:\/\/api.w.org\/{rel}","templated":true}]}}