{"id":987,"date":"2016-03-14T19:49:27","date_gmt":"2016-03-14T19:49:27","guid":{"rendered":"https:\/\/www.primarycaregenetics.org\/?page_id=987"},"modified":"2016-03-14T19:49:27","modified_gmt":"2016-03-14T19:49:27","slug":"inquerito-e-registo-de-uma-historia-familiar","status":"publish","type":"page","link":"https:\/\/www.primarycaregenetics.org\/?page_id=987&lang=pt","title":{"rendered":"Inqu\u00e9rito e registo de uma hist\u00f3ria familiar"},"content":{"rendered":"<p>V\u00eddeo em como obter uma hist\u00f3ria familiar<\/p>\n<p>Abaixo encontrar\u00e1 um modelo de \u00e1rvore geneal\u00f3gica.<\/p>\n<p><iframe loading=\"lazy\" width=\"675\" height=\"380\" src=\"https:\/\/www.youtube.com\/embed\/w-gTrIxxB2Q?feature=oembed\" frameborder=\"0\" allowfullscreen><\/iframe><\/p>\n","protected":false},"excerpt":{"rendered":"<p>V\u00eddeo em como obter uma hist\u00f3ria familiar Abaixo encontrar\u00e1 um modelo de \u00e1rvore geneal\u00f3gica.<\/p>\n","protected":false},"author":3,"featured_media":0,"parent":984,"menu_order":0,"comment_status":"closed","ping_status":"closed","template":"template-fullwidth.php","meta":{"ngg_post_thumbnail":0},"_links":{"self":[{"href":"https:\/\/www.primarycaregenetics.org\/index.php?rest_route=\/wp\/v2\/pages\/987"}],"collection":[{"href":"https:\/\/www.primarycaregenetics.org\/index.php?rest_route=\/wp\/v2\/pages"}],"about":[{"href":"https:\/\/www.primarycaregenetics.org\/index.php?rest_route=\/wp\/v2\/types\/page"}],"author":[{"embeddable":true,"href":"https:\/\/www.primarycaregenetics.org\/index.php?rest_route=\/wp\/v2\/users\/3"}],"replies":[{"embeddable":true,"href":"https:\/\/www.primarycaregenetics.org\/index.php?rest_route=%2Fwp%2Fv2%2Fcomments&post=987"}],"version-history":[{"count":1,"href":"https:\/\/www.primarycaregenetics.org\/index.php?rest_route=\/wp\/v2\/pages\/987\/revisions"}],"predecessor-version":[{"id":988,"href":"https:\/\/www.primarycaregenetics.org\/index.php?rest_route=\/wp\/v2\/pages\/987\/revisions\/988"}],"up":[{"embeddable":true,"href":"https:\/\/www.primarycaregenetics.org\/index.php?rest_route=\/wp\/v2\/pages\/984"}],"wp:attachment":[{"href":"https:\/\/www.primarycaregenetics.org\/index.php?rest_route=%2Fwp%2Fv2%2Fmedia&parent=987"}],"curies":[{"name":"wp","href":"https:\/\/api.w.org\/{rel}","templated":true}]}}