{"id":999,"date":"2016-03-14T20:04:02","date_gmt":"2016-03-14T20:04:02","guid":{"rendered":"https:\/\/www.primarycaregenetics.org\/?page_id=999"},"modified":"2016-03-14T20:04:02","modified_gmt":"2016-03-14T20:04:02","slug":"iceland","status":"publish","type":"page","link":"https:\/\/www.primarycaregenetics.org\/?page_id=999&lang=pt","title":{"rendered":"Iceland"},"content":{"rendered":"<p>\u00c9g heiti Svanur Sigurbj\u00f6rnsson og er mennta\u00f0ur lyfl\u00e6knir. \u00c9g hef starfa\u00f0 um \u00e1rabil \u00e1 Heilsug\u00e6sl<img loading=\"lazy\" class=\"alignleft size-full wp-image-500\" src=\"https:\/\/www.primarycaregenetics.org\/wp-content\/uploads\/2015\/08\/svanur.jpg\" alt=\"svanur\" width=\"172\" height=\"172\" \/>u og \u00ed starfi m\u00ednu \u00fear kemur nokku\u00f0 oft fyrir a\u00f0 erf\u00f0afr\u00e6\u00f0i s\u00e9 hluti af \u00fev\u00ed sem \u00fearf a\u00f0 meta var\u00f0andi spurningar skj\u00f3lst\u00e6\u00f0inga. \u00dea\u00f0 geta veri\u00f0 spurningar var\u00f0andi krabbamein, brj\u00f3stakrabbamein, krabbamein \u00ed eggjastokkum og h\u00fa\u00f0krabbamein. Einnig koma erf\u00f0ir inn \u00ed gigtsj\u00fatk\u00f3ma og \u00e1h\u00e6ttu krans\u00e6\u00f0asj\u00fakd\u00f3ma oens og h\u00e1\u00fer\u00fdsting og h\u00e1tt k\u00f3lester\u00f3l. Einnig ge\u00f0sj\u00fakd\u00f3ma og v\u00f6ngum velt yfir \u00fev\u00ed a\u00f0 f\u00e1 \u00feunglyndi e\u00f0a ge\u00f0klofa. \u00de\u00e1 eru erf\u00f0ir ste<br \/>\nkar \u00ed sykurs\u00fdki, typu 2. \u00c1 \u00feennan margbreytilega m\u00e1ta kemur erf\u00f0afr\u00e6\u00f0i inn \u00ed starf mitt beint og \u00f3beint og hefur verulega \u00fe\u00fd\u00f0ingu fyrir skj\u00f3lst\u00e6\u00f0inga m\u00edna.<\/p>\n<p>\u00cdslenska:<\/p>\n<!--[if lt IE 9]><script>document.createElement('audio');<\/script><![endif]-->\n<audio class=\"wp-audio-shortcode\" id=\"audio-999-1\" preload=\"none\" style=\"width: 100%;\" controls=\"controls\"><source type=\"audio\/mpeg\" src=\"https:\/\/www.primarycaregenetics.org\/wp-content\/uploads\/2015\/08\/150802_Svanur-islenska.mp3?_=1\" \/><a href=\"https:\/\/www.primarycaregenetics.org\/wp-content\/uploads\/2015\/08\/150802_Svanur-islenska.mp3\">https:\/\/www.primarycaregenetics.org\/wp-content\/uploads\/2015\/08\/150802_Svanur-islenska.mp3<\/a><\/audio>\n<p>English:<\/p>\n<audio class=\"wp-audio-shortcode\" id=\"audio-999-2\" preload=\"none\" style=\"width: 100%;\" controls=\"controls\"><source type=\"audio\/mpeg\" src=\"https:\/\/www.primarycaregenetics.org\/wp-content\/uploads\/2015\/08\/150802_002.mp3?_=2\" \/><a href=\"https:\/\/www.primarycaregenetics.org\/wp-content\/uploads\/2015\/08\/150802_002.mp3\">https:\/\/www.primarycaregenetics.org\/wp-content\/uploads\/2015\/08\/150802_002.mp3<\/a><\/audio>\n","protected":false},"excerpt":{"rendered":"<p>\u00c9g heiti Svanur Sigurbj\u00f6rnsson og er mennta\u00f0ur lyfl\u00e6knir. \u00c9g hef starfa\u00f0 um \u00e1rabil \u00e1 Heilsug\u00e6slu og \u00ed starfi m\u00ednu \u00fear kemur nokku\u00f0 oft fyrir a\u00f0 erf\u00f0afr\u00e6\u00f0i s\u00e9 hluti af \u00fev\u00ed sem \u00fearf a\u00f0 meta var\u00f0andi spurningar skj\u00f3lst\u00e6\u00f0inga. \u00dea\u00f0 geta veri\u00f0 spurningar var\u00f0andi krabbamein, brj\u00f3stakrabbamein, krabbamein \u00ed eggjastokkum og h\u00fa\u00f0krabbamein. Einnig koma erf\u00f0ir inn \u00ed gigtsj\u00fatk\u00f3ma og \u00e1h\u00e6ttu krans\u00e6\u00f0asj\u00fakd\u00f3ma oens og h\u00e1\u00fer\u00fdsting og h\u00e1tt k\u00f3lester\u00f3l. Einnig ge\u00f0sj\u00fakd\u00f3ma og v\u00f6ngum velt yfir \u00fev\u00ed a\u00f0 f\u00e1 \u00feunglyndi e\u00f0a ge\u00f0klofa. \u00de\u00e1 eru erf\u00f0ir ste [&#8230;]<\/p>\n","protected":false},"author":3,"featured_media":0,"parent":921,"menu_order":0,"comment_status":"closed","ping_status":"closed","template":"template-fullwidth.php","meta":{"ngg_post_thumbnail":0},"_links":{"self":[{"href":"https:\/\/www.primarycaregenetics.org\/index.php?rest_route=\/wp\/v2\/pages\/999"}],"collection":[{"href":"https:\/\/www.primarycaregenetics.org\/index.php?rest_route=\/wp\/v2\/pages"}],"about":[{"href":"https:\/\/www.primarycaregenetics.org\/index.php?rest_route=\/wp\/v2\/types\/page"}],"author":[{"embeddable":true,"href":"https:\/\/www.primarycaregenetics.org\/index.php?rest_route=\/wp\/v2\/users\/3"}],"replies":[{"embeddable":true,"href":"https:\/\/www.primarycaregenetics.org\/index.php?rest_route=%2Fwp%2Fv2%2Fcomments&post=999"}],"version-history":[{"count":1,"href":"https:\/\/www.primarycaregenetics.org\/index.php?rest_route=\/wp\/v2\/pages\/999\/revisions"}],"predecessor-version":[{"id":1000,"href":"https:\/\/www.primarycaregenetics.org\/index.php?rest_route=\/wp\/v2\/pages\/999\/revisions\/1000"}],"up":[{"embeddable":true,"href":"https:\/\/www.primarycaregenetics.org\/index.php?rest_route=\/wp\/v2\/pages\/921"}],"wp:attachment":[{"href":"https:\/\/www.primarycaregenetics.org\/index.php?rest_route=%2Fwp%2Fv2%2Fmedia&parent=999"}],"curies":[{"name":"wp","href":"https:\/\/api.w.org\/{rel}","templated":true}]}}